{"id":737,"date":"2023-02-13T16:28:24","date_gmt":"2023-02-13T15:28:24","guid":{"rendered":"https:\/\/shop.clearygroup.it\/private-label\/"},"modified":"2023-02-28T16:14:31","modified_gmt":"2023-02-28T15:14:31","slug":"private-label","status":"publish","type":"page","link":"https:\/\/shop.clearygroup.it\/es\/private-label\/","title":{"rendered":"Private label"},"content":{"rendered":"<section class=\"l-section wpb_row box_cg height_small width_custom\" style=\"--site-content-width:1050px;\"><div class=\"l-section-h i-cf\"><div class=\"g-cols vc_row via_grid cols_1 laptops-cols_inherit tablets-cols_inherit mobiles-cols_1 valign_top type_boxes stacking_default\" style=\"grid-gap:0rem;\"><div class=\"wpb_column vc_column_container\"><div class=\"vc_column-inner\"><div class=\"g-cols wpb_row via_grid cols_2 laptops-cols_inherit tablets-cols_inherit mobiles-cols_1 valign_top type_default stacking_default\" style=\"grid-gap:0rem;\"><div class=\"wpb_column vc_column_container\"><div class=\"vc_column-inner\"><div class=\"wpb_text_column\"><div class=\"wpb_wrapper\"><h2>Private label<\/h2>\n<\/div><\/div><div class=\"w-separator size_medium\"><\/div><div class=\"wpb_text_column\"><div class=\"wpb_wrapper\"><p><strong>Fabricamos detergentes hechos a medida para cada cliente<\/strong><\/p>\n<\/div><\/div><div class=\"w-separator size_medium\"><\/div><div class=\"w-btn-wrapper align_none\"><a class=\"w-btn us-btn-style_1 icon_atright\" href=\"\/es\/contactos\"><span class=\"w-btn-label\">Cont\u00e1ctenos<\/span><i class=\"fas fa-angle-right\"><\/i><\/a><\/div><\/div><\/div><div class=\"wpb_column vc_column_container\"><div class=\"vc_column-inner\"><div class=\"w-image btn_video align_none\"><div class=\"w-image-h\"><img loading=\"lazy\" decoding=\"async\" width=\"417\" height=\"488\" src=\"https:\/\/shop.clearygroup.it\/wp-content\/uploads\/2023\/02\/img_private_label.png\" class=\"attachment-full size-full\" alt=\"\" srcset=\"https:\/\/shop.clearygroup.it\/wp-content\/uploads\/2023\/02\/img_private_label.png 417w, https:\/\/shop.clearygroup.it\/wp-content\/uploads\/2023\/02\/img_private_label-300x351.png 300w, https:\/\/shop.clearygroup.it\/wp-content\/uploads\/2023\/02\/img_private_label-256x300.png 256w\" sizes=\"auto, (max-width: 417px) 100vw, 417px\" \/><\/div><\/div><\/div><\/div><\/div><\/div><\/div><\/div><\/div><\/section><section class=\"l-section wpb_row us_custom_4fb9e5a3 box_cg height_medium\"><div class=\"l-section-h i-cf\"><div class=\"g-cols vc_row via_grid cols_1 laptops-cols_inherit tablets-cols_inherit mobiles-cols_1 valign_top type_default stacking_default\"><div class=\"wpb_column vc_column_container\"><div class=\"vc_column-inner\"><div class=\"g-cols wpb_row via_grid cols_2 laptops-cols_inherit tablets-cols_inherit mobiles-cols_1 valign_top type_default stacking_default\"><div class=\"wpb_column vc_column_container\"><div class=\"vc_column-inner\"><div class=\"w-image align_none\"><div class=\"w-image-h\"><img loading=\"lazy\" decoding=\"async\" width=\"474\" height=\"474\" src=\"https:\/\/shop.clearygroup.it\/wp-content\/uploads\/2023\/02\/img_private_label_2.png\" class=\"attachment-full size-full\" alt=\"\" srcset=\"https:\/\/shop.clearygroup.it\/wp-content\/uploads\/2023\/02\/img_private_label_2.png 474w, https:\/\/shop.clearygroup.it\/wp-content\/uploads\/2023\/02\/img_private_label_2-300x300.png 300w, https:\/\/shop.clearygroup.it\/wp-content\/uploads\/2023\/02\/img_private_label_2-150x150.png 150w, https:\/\/shop.clearygroup.it\/wp-content\/uploads\/2023\/02\/img_private_label_2-200x200.png 200w\" sizes=\"auto, (max-width: 474px) 100vw, 474px\" \/><\/div><\/div><\/div><\/div><div class=\"wpb_column vc_column_container\"><div class=\"vc_column-inner\"><div class=\"wpb_text_column\"><div class=\"wpb_wrapper\"><h6>PRODUCTOS EN MARCA PROPRIA<\/h6>\n<h2>Detergentes personalizados, hechos a la medida de las necesidades de nuestros clientes<\/h2>\n<p>Productos formulados para marcas individuales.<\/p>\n<p>Cleary Group ofrece la posibilidad de realizar productos para las marcas privadas, totalmente personalizados: de la formulaci\u00f3n, al embotellamiento, del embalaje de los detergentes a la creaci\u00f3n de marcas, etiquetas y frascos. Las referencias se gestionan mediante un proceso espec\u00edfico que prev\u00e9 el almac\u00e9n de cartones y etiquetas.<\/p>\n<p>Todo el ciclo productivo se realiza respetando la m\u00e1xima confidencialidad, para la salvaguardia de toda la informaci\u00f3n relativa al cliente y a las formulaciones.<\/p>\n<p><strong>La producci\u00f3n de Cleary Group de detergentes de marca registrada permite suministrar las cadenas comerciales m\u00e1s importantes, ofreciendo al consumidor final una amplia gama de productos de calidad superior a precios competitivos.<\/strong><\/p>\n<\/div><\/div><\/div><\/div><\/div><\/div><\/div><\/div><\/div><\/section><section class=\"l-section wpb_row us_custom_2ba72993 box_cg height_large\"><div class=\"l-section-h i-cf\"><div class=\"g-cols vc_row via_grid cols_1 laptops-cols_inherit tablets-cols_inherit mobiles-cols_1 valign_top type_default stacking_default\"><div class=\"wpb_column vc_column_container\"><div class=\"vc_column-inner\"><div class=\"g-cols wpb_row via_grid cols_3 laptops-cols_inherit tablets-cols_inherit mobiles-cols_1 valign_top type_default stacking_default\" style=\"grid-gap:6rem;\"><div class=\"wpb_column vc_column_container\"><div class=\"vc_column-inner\"><div class=\"w-iconbox iconpos_top style_default color_primary align_center icontype_img\"><div class=\"w-iconbox-icon\" style=\"font-size:180px;\"><img loading=\"lazy\" decoding=\"async\" width=\"200\" height=\"200\" src=\"https:\/\/shop.clearygroup.it\/wp-content\/uploads\/2023\/02\/produzione-icon.png\" class=\"attachment-full size-full\" alt=\"\" srcset=\"https:\/\/shop.clearygroup.it\/wp-content\/uploads\/2023\/02\/produzione-icon.png 200w, https:\/\/shop.clearygroup.it\/wp-content\/uploads\/2023\/02\/produzione-icon-150x150.png 150w\" sizes=\"auto, (max-width: 200px) 100vw, 200px\" \/><\/div><div class=\"w-iconbox-meta\"><h3 class=\"w-iconbox-title\" style=\"font-size:28px;\">Producci\u00f3n<\/h3><div class=\"w-iconbox-text\"><p style=\"text-align: justify;\">Productos innovadores y eficaces, excelente relaci\u00f3n calidad-precio, disponibles para cualquier necesidad de limpieza dom\u00e9stica y profesional. Para clientes con necesidades espec\u00edficas, tambi\u00e9n podemos modificar formulaciones o desarrollar l\u00edneas ad hoc.<\/p>\n<\/div><\/div><\/div><\/div><\/div><div class=\"wpb_column vc_column_container\"><div class=\"vc_column-inner\"><div class=\"w-iconbox iconpos_top style_default color_primary align_center icontype_img\"><div class=\"w-iconbox-icon\" style=\"font-size:180px;\"><img loading=\"lazy\" decoding=\"async\" width=\"201\" height=\"200\" src=\"https:\/\/shop.clearygroup.it\/wp-content\/uploads\/2023\/02\/imbottigliamento-icon.png\" class=\"attachment-full size-full\" alt=\"\" srcset=\"https:\/\/shop.clearygroup.it\/wp-content\/uploads\/2023\/02\/imbottigliamento-icon.png 201w, https:\/\/shop.clearygroup.it\/wp-content\/uploads\/2023\/02\/imbottigliamento-icon-150x150.png 150w\" sizes=\"auto, (max-width: 201px) 100vw, 201px\" \/><\/div><div class=\"w-iconbox-meta\"><h3 class=\"w-iconbox-title\" style=\"font-size:28px;\">Embotellamiento<\/h3><div class=\"w-iconbox-text\"><p style=\"text-align: justify;\">Cleary Group tiene a su disposici\u00f3n 5 l\u00edneas de llenado completas de productos, que cuentan con las mejores tecnolog\u00edas disponibles en el mercado. Las l\u00edneas de producci\u00f3n ofrecen la posibilidad de desarrollar tambi\u00e9n los desatascadores.<\/p>\n<\/div><\/div><\/div><\/div><\/div><div class=\"wpb_column vc_column_container\"><div class=\"vc_column-inner\"><div class=\"w-iconbox iconpos_top style_default color_primary align_center icontype_img\"><div class=\"w-iconbox-icon\" style=\"font-size:180px;\"><img loading=\"lazy\" decoding=\"async\" width=\"201\" height=\"200\" src=\"https:\/\/shop.clearygroup.it\/wp-content\/uploads\/2023\/02\/packaging-icon.png\" class=\"attachment-full size-full\" alt=\"\" srcset=\"https:\/\/shop.clearygroup.it\/wp-content\/uploads\/2023\/02\/packaging-icon.png 201w, https:\/\/shop.clearygroup.it\/wp-content\/uploads\/2023\/02\/packaging-icon-150x150.png 150w\" sizes=\"auto, (max-width: 201px) 100vw, 201px\" \/><\/div><div class=\"w-iconbox-meta\"><h3 class=\"w-iconbox-title\" style=\"font-size:28px;\">Packaging<\/h3><div class=\"w-iconbox-text\"><p style=\"text-align: justify;\">El embalaje de los detergentes se puede personalizar desde la selecci\u00f3n de las botellas y los disparadores hasta la etiqueta, con la disponibilidad para crear nombres, marcas, logotipos y identidad de marca.<\/p>\n<\/div><\/div><\/div><\/div><\/div><\/div><\/div><\/div><\/div><\/div><\/section>\n","protected":false},"excerpt":{"rendered":"Private label Fabricamos detergentes hechos a medida para cada cliente Cont\u00e1ctenos PRODUCTOS EN MARCA PROPRIA Detergentes personalizados, hechos a la medida de las necesidades de nuestros clientes Productos formulados para marcas individuales. Cleary Group ofrece la posibilidad de realizar productos para las marcas privadas, totalmente personalizados: de la formulaci\u00f3n, al embotellamiento, del embalaje de los...","protected":false},"author":1,"featured_media":0,"parent":0,"menu_order":0,"comment_status":"closed","ping_status":"closed","template":"","meta":{"inline_featured_image":false,"footnotes":""},"class_list":["post-737","page","type-page","status-publish","hentry"],"acf":[],"yoast_head":"<!-- This site is optimized with the Yoast SEO plugin v20.7 - https:\/\/yoast.com\/wordpress\/plugins\/seo\/ -->\n<title>Private label | Cleary Group | Cleaning Solution<\/title>\n<meta name=\"robots\" content=\"index, follow, max-snippet:-1, max-image-preview:large, max-video-preview:-1\" \/>\n<link rel=\"canonical\" href=\"https:\/\/shop.clearygroup.it\/es\/private-label\/\" \/>\n<meta property=\"og:locale\" content=\"es_ES\" \/>\n<meta property=\"og:type\" content=\"article\" \/>\n<meta property=\"og:title\" content=\"Private label | Cleary Group | Cleaning Solution\" \/>\n<meta property=\"og:url\" content=\"https:\/\/shop.clearygroup.it\/es\/private-label\/\" \/>\n<meta property=\"og:site_name\" content=\"Cleary Group | Cleaning Solution\" \/>\n<meta property=\"article:publisher\" content=\"https:\/\/www.facebook.com\/Cleary.Group\/\" \/>\n<meta property=\"article:modified_time\" content=\"2023-02-28T15:14:31+00:00\" \/>\n<meta property=\"og:image\" content=\"https:\/\/shop.clearygroup.it\/wp-content\/uploads\/2023\/03\/header_home_mobile_2023.jpg\" \/>\n\t<meta property=\"og:image:width\" content=\"1440\" \/>\n\t<meta property=\"og:image:height\" content=\"782\" \/>\n\t<meta property=\"og:image:type\" content=\"image\/jpeg\" \/>\n<meta name=\"twitter:card\" content=\"summary_large_image\" \/>\n<meta name=\"twitter:label1\" content=\"Tiempo de lectura\" \/>\n\t<meta name=\"twitter:data1\" content=\"3 minutos\" \/>\n<script type=\"application\/ld+json\" class=\"yoast-schema-graph\">{\"@context\":\"https:\/\/schema.org\",\"@graph\":[{\"@type\":\"WebPage\",\"@id\":\"https:\/\/shop.clearygroup.it\/es\/private-label\/\",\"url\":\"https:\/\/shop.clearygroup.it\/es\/private-label\/\",\"name\":\"Private label | Cleary Group | Cleaning Solution\",\"isPartOf\":{\"@id\":\"https:\/\/shop.clearygroup.it\/#website\"},\"datePublished\":\"2023-02-13T15:28:24+00:00\",\"dateModified\":\"2023-02-28T15:14:31+00:00\",\"breadcrumb\":{\"@id\":\"https:\/\/shop.clearygroup.it\/es\/private-label\/#breadcrumb\"},\"inLanguage\":\"es\",\"potentialAction\":[{\"@type\":\"ReadAction\",\"target\":[\"https:\/\/shop.clearygroup.it\/es\/private-label\/\"]}]},{\"@type\":\"BreadcrumbList\",\"@id\":\"https:\/\/shop.clearygroup.it\/es\/private-label\/#breadcrumb\",\"itemListElement\":[{\"@type\":\"ListItem\",\"position\":1,\"name\":\"Home\",\"item\":\"https:\/\/shop.clearygroup.it\/es\/home\/\"},{\"@type\":\"ListItem\",\"position\":2,\"name\":\"Private label\"}]},{\"@type\":\"WebSite\",\"@id\":\"https:\/\/shop.clearygroup.it\/#website\",\"url\":\"https:\/\/shop.clearygroup.it\/\",\"name\":\"Cleary Group | Cleaning Solution\",\"description\":\"Soluzioni per un pulito universale\",\"publisher\":{\"@id\":\"https:\/\/shop.clearygroup.it\/#organization\"},\"potentialAction\":[{\"@type\":\"SearchAction\",\"target\":{\"@type\":\"EntryPoint\",\"urlTemplate\":\"https:\/\/shop.clearygroup.it\/?s={search_term_string}\"},\"query-input\":\"required name=search_term_string\"}],\"inLanguage\":\"es\"},{\"@type\":\"Organization\",\"@id\":\"https:\/\/shop.clearygroup.it\/#organization\",\"name\":\"Cleary Group\",\"alternateName\":\"Cleary Group\",\"url\":\"https:\/\/shop.clearygroup.it\/\",\"logo\":{\"@type\":\"ImageObject\",\"inLanguage\":\"es\",\"@id\":\"https:\/\/shop.clearygroup.it\/#\/schema\/logo\/image\/\",\"url\":\"https:\/\/shop.clearygroup.it\/wp-content\/uploads\/2023\/01\/logo_clearygroup.svg\",\"contentUrl\":\"https:\/\/shop.clearygroup.it\/wp-content\/uploads\/2023\/01\/logo_clearygroup.svg\",\"width\":233,\"height\":93,\"caption\":\"Cleary Group\"},\"image\":{\"@id\":\"https:\/\/shop.clearygroup.it\/#\/schema\/logo\/image\/\"},\"sameAs\":[\"https:\/\/www.facebook.com\/Cleary.Group\/\",\"https:\/\/shop.clearygroup.it\/cleary-group\/#\",\"https:\/\/it.linkedin.com\/company\/cleary-group---s.r.l.\"]}]}<\/script>\n<!-- \/ Yoast SEO plugin. -->","yoast_head_json":{"title":"Private label | Cleary Group | Cleaning Solution","robots":{"index":"index","follow":"follow","max-snippet":"max-snippet:-1","max-image-preview":"max-image-preview:large","max-video-preview":"max-video-preview:-1"},"canonical":"https:\/\/shop.clearygroup.it\/es\/private-label\/","og_locale":"es_ES","og_type":"article","og_title":"Private label | Cleary Group | Cleaning Solution","og_url":"https:\/\/shop.clearygroup.it\/es\/private-label\/","og_site_name":"Cleary Group | Cleaning Solution","article_publisher":"https:\/\/www.facebook.com\/Cleary.Group\/","article_modified_time":"2023-02-28T15:14:31+00:00","og_image":[{"width":1440,"height":782,"url":"https:\/\/shop.clearygroup.it\/wp-content\/uploads\/2023\/03\/header_home_mobile_2023.jpg","type":"image\/jpeg"}],"twitter_card":"summary_large_image","twitter_misc":{"Tiempo de lectura":"3 minutos"},"schema":{"@context":"https:\/\/schema.org","@graph":[{"@type":"WebPage","@id":"https:\/\/shop.clearygroup.it\/es\/private-label\/","url":"https:\/\/shop.clearygroup.it\/es\/private-label\/","name":"Private label | Cleary Group | Cleaning Solution","isPartOf":{"@id":"https:\/\/shop.clearygroup.it\/#website"},"datePublished":"2023-02-13T15:28:24+00:00","dateModified":"2023-02-28T15:14:31+00:00","breadcrumb":{"@id":"https:\/\/shop.clearygroup.it\/es\/private-label\/#breadcrumb"},"inLanguage":"es","potentialAction":[{"@type":"ReadAction","target":["https:\/\/shop.clearygroup.it\/es\/private-label\/"]}]},{"@type":"BreadcrumbList","@id":"https:\/\/shop.clearygroup.it\/es\/private-label\/#breadcrumb","itemListElement":[{"@type":"ListItem","position":1,"name":"Home","item":"https:\/\/shop.clearygroup.it\/es\/home\/"},{"@type":"ListItem","position":2,"name":"Private label"}]},{"@type":"WebSite","@id":"https:\/\/shop.clearygroup.it\/#website","url":"https:\/\/shop.clearygroup.it\/","name":"Cleary Group | Cleaning Solution","description":"Soluzioni per un pulito universale","publisher":{"@id":"https:\/\/shop.clearygroup.it\/#organization"},"potentialAction":[{"@type":"SearchAction","target":{"@type":"EntryPoint","urlTemplate":"https:\/\/shop.clearygroup.it\/?s={search_term_string}"},"query-input":"required name=search_term_string"}],"inLanguage":"es"},{"@type":"Organization","@id":"https:\/\/shop.clearygroup.it\/#organization","name":"Cleary Group","alternateName":"Cleary Group","url":"https:\/\/shop.clearygroup.it\/","logo":{"@type":"ImageObject","inLanguage":"es","@id":"https:\/\/shop.clearygroup.it\/#\/schema\/logo\/image\/","url":"https:\/\/shop.clearygroup.it\/wp-content\/uploads\/2023\/01\/logo_clearygroup.svg","contentUrl":"https:\/\/shop.clearygroup.it\/wp-content\/uploads\/2023\/01\/logo_clearygroup.svg","width":233,"height":93,"caption":"Cleary Group"},"image":{"@id":"https:\/\/shop.clearygroup.it\/#\/schema\/logo\/image\/"},"sameAs":["https:\/\/www.facebook.com\/Cleary.Group\/","https:\/\/shop.clearygroup.it\/cleary-group\/#","https:\/\/it.linkedin.com\/company\/cleary-group---s.r.l."]}]}},"_links":{"self":[{"href":"https:\/\/shop.clearygroup.it\/es\/wp-json\/wp\/v2\/pages\/737","targetHints":{"allow":["GET"]}}],"collection":[{"href":"https:\/\/shop.clearygroup.it\/es\/wp-json\/wp\/v2\/pages"}],"about":[{"href":"https:\/\/shop.clearygroup.it\/es\/wp-json\/wp\/v2\/types\/page"}],"author":[{"embeddable":true,"href":"https:\/\/shop.clearygroup.it\/es\/wp-json\/wp\/v2\/users\/1"}],"replies":[{"embeddable":true,"href":"https:\/\/shop.clearygroup.it\/es\/wp-json\/wp\/v2\/comments?post=737"}],"version-history":[{"count":6,"href":"https:\/\/shop.clearygroup.it\/es\/wp-json\/wp\/v2\/pages\/737\/revisions"}],"predecessor-version":[{"id":931,"href":"https:\/\/shop.clearygroup.it\/es\/wp-json\/wp\/v2\/pages\/737\/revisions\/931"}],"wp:attachment":[{"href":"https:\/\/shop.clearygroup.it\/es\/wp-json\/wp\/v2\/media?parent=737"}],"curies":[{"name":"wp","href":"https:\/\/api.w.org\/{rel}","templated":true}]}}