{"id":815,"date":"2023-02-02T13:54:17","date_gmt":"2023-02-02T12:54:17","guid":{"rendered":"https:\/\/shop.clearygroup.it\/gleen\/"},"modified":"2023-03-07T17:46:26","modified_gmt":"2023-03-07T16:46:26","slug":"gleen","status":"publish","type":"page","link":"https:\/\/shop.clearygroup.it\/es\/gleen\/","title":{"rendered":"Gleen"},"content":{"rendered":"<section class=\"l-section wpb_row us_custom_b24f6037 boxed height_large\" id=\"header_brand\"><div class=\"l-section-h i-cf\"><div class=\"g-cols vc_row via_grid cols_1 laptops-cols_inherit tablets-cols_inherit mobiles-cols_1 valign_top type_default stacking_default\" style=\"grid-gap:2rem;\"><div class=\"wpb_column vc_column_container\"><div class=\"vc_column-inner\"><div class=\"g-cols wpb_row box_title via_grid cols_1 laptops-cols_inherit tablets-cols_inherit mobiles-cols_1 valign_top type_default stacking_default\"><div class=\"wpb_column vc_column_container\"><div class=\"vc_column-inner\"><div class=\"wpb_text_column\"><div class=\"wpb_wrapper\"><h1>Universal y imbatible limpieza<\/h1>\n<p>Soluci\u00f3n premium para la limpieza de la casa<\/p>\n<\/div><\/div><\/div><\/div><\/div><div class=\"g-cols wpb_row boxed via_grid cols_custom laptops-cols_inherit tablets-cols_inherit mobiles-cols_1 valign_middle type_default stacking_default\" style=\"grid-gap:2rem;--custom-columns:1fr 2.5fr 2.5fr \"><div class=\"wpb_column vc_column_container\"><div class=\"vc_column-inner\"><\/div><\/div><div class=\"wpb_column vc_column_container\"><div class=\"vc_column-inner\"><div class=\"wpb_text_column\"><div class=\"wpb_wrapper\"><p>Con su f\u00f3rmula exclusiva, en l\u00edquido y en gel, libera tuber\u00edas y desag\u00fces de incrustaciones calc\u00e1reas, cabello, papel y residuos que los obstruyen. Una l\u00ednea completa para el uso profesional, ideal para una eficacia e higiene sin igual, respetando los materiales y las tuber\u00edas. Elegido por los profesionales.<\/p>\n<\/div><\/div><\/div><\/div><div class=\"wpb_column vc_column_container\"><div class=\"vc_column-inner\"><\/div><\/div><\/div><\/div><\/div><\/div><\/div><\/section>\n","protected":false},"excerpt":{"rendered":"Universal y imbatible limpieza Soluci\u00f3n premium para la limpieza de la casa Con su f\u00f3rmula exclusiva, en l\u00edquido y en gel, libera tuber\u00edas y desag\u00fces de incrustaciones calc\u00e1reas, cabello, papel y residuos que los obstruyen. Una l\u00ednea completa para el uso profesional, ideal para una eficacia e higiene sin igual, respetando los materiales y las...","protected":false},"author":1,"featured_media":0,"parent":0,"menu_order":0,"comment_status":"closed","ping_status":"closed","template":"","meta":{"inline_featured_image":false,"footnotes":""},"class_list":["post-815","page","type-page","status-publish","hentry"],"acf":[],"yoast_head":"<!-- This site is optimized with the Yoast SEO plugin v20.7 - https:\/\/yoast.com\/wordpress\/plugins\/seo\/ -->\n<title>Gleen | Cleary Group | Cleaning Solution<\/title>\n<meta name=\"robots\" content=\"index, follow, max-snippet:-1, max-image-preview:large, max-video-preview:-1\" \/>\n<link rel=\"canonical\" href=\"https:\/\/shop.clearygroup.it\/es\/gleen\/\" \/>\n<meta property=\"og:locale\" content=\"es_ES\" \/>\n<meta property=\"og:type\" content=\"article\" \/>\n<meta property=\"og:title\" content=\"Gleen | Cleary Group | Cleaning Solution\" \/>\n<meta property=\"og:url\" content=\"https:\/\/shop.clearygroup.it\/es\/gleen\/\" \/>\n<meta property=\"og:site_name\" content=\"Cleary Group | Cleaning Solution\" \/>\n<meta property=\"article:publisher\" content=\"https:\/\/www.facebook.com\/Cleary.Group\/\" \/>\n<meta property=\"article:modified_time\" content=\"2023-03-07T16:46:26+00:00\" \/>\n<meta property=\"og:image\" content=\"https:\/\/shop.clearygroup.it\/wp-content\/uploads\/2023\/01\/gleen.png\" \/>\n<meta name=\"twitter:card\" content=\"summary_large_image\" \/>\n<meta name=\"twitter:label1\" content=\"Tiempo de lectura\" \/>\n\t<meta name=\"twitter:data1\" content=\"1 minuto\" \/>\n<script type=\"application\/ld+json\" class=\"yoast-schema-graph\">{\"@context\":\"https:\/\/schema.org\",\"@graph\":[{\"@type\":\"WebPage\",\"@id\":\"https:\/\/shop.clearygroup.it\/es\/gleen\/\",\"url\":\"https:\/\/shop.clearygroup.it\/es\/gleen\/\",\"name\":\"Gleen | Cleary Group | Cleaning Solution\",\"isPartOf\":{\"@id\":\"https:\/\/shop.clearygroup.it\/#website\"},\"datePublished\":\"2023-02-02T12:54:17+00:00\",\"dateModified\":\"2023-03-07T16:46:26+00:00\",\"breadcrumb\":{\"@id\":\"https:\/\/shop.clearygroup.it\/es\/gleen\/#breadcrumb\"},\"inLanguage\":\"es\",\"potentialAction\":[{\"@type\":\"ReadAction\",\"target\":[\"https:\/\/shop.clearygroup.it\/es\/gleen\/\"]}]},{\"@type\":\"BreadcrumbList\",\"@id\":\"https:\/\/shop.clearygroup.it\/es\/gleen\/#breadcrumb\",\"itemListElement\":[{\"@type\":\"ListItem\",\"position\":1,\"name\":\"Home\",\"item\":\"https:\/\/shop.clearygroup.it\/es\/home\/\"},{\"@type\":\"ListItem\",\"position\":2,\"name\":\"Gleen\"}]},{\"@type\":\"WebSite\",\"@id\":\"https:\/\/shop.clearygroup.it\/#website\",\"url\":\"https:\/\/shop.clearygroup.it\/\",\"name\":\"Cleary Group | Cleaning Solution\",\"description\":\"Soluzioni per un pulito universale\",\"publisher\":{\"@id\":\"https:\/\/shop.clearygroup.it\/#organization\"},\"potentialAction\":[{\"@type\":\"SearchAction\",\"target\":{\"@type\":\"EntryPoint\",\"urlTemplate\":\"https:\/\/shop.clearygroup.it\/?s={search_term_string}\"},\"query-input\":\"required name=search_term_string\"}],\"inLanguage\":\"es\"},{\"@type\":\"Organization\",\"@id\":\"https:\/\/shop.clearygroup.it\/#organization\",\"name\":\"Cleary Group\",\"alternateName\":\"Cleary Group\",\"url\":\"https:\/\/shop.clearygroup.it\/\",\"logo\":{\"@type\":\"ImageObject\",\"inLanguage\":\"es\",\"@id\":\"https:\/\/shop.clearygroup.it\/#\/schema\/logo\/image\/\",\"url\":\"https:\/\/shop.clearygroup.it\/wp-content\/uploads\/2023\/01\/logo_clearygroup.svg\",\"contentUrl\":\"https:\/\/shop.clearygroup.it\/wp-content\/uploads\/2023\/01\/logo_clearygroup.svg\",\"width\":233,\"height\":93,\"caption\":\"Cleary Group\"},\"image\":{\"@id\":\"https:\/\/shop.clearygroup.it\/#\/schema\/logo\/image\/\"},\"sameAs\":[\"https:\/\/www.facebook.com\/Cleary.Group\/\",\"https:\/\/shop.clearygroup.it\/cleary-group\/#\",\"https:\/\/it.linkedin.com\/company\/cleary-group---s.r.l.\"]}]}<\/script>\n<!-- \/ Yoast SEO plugin. -->","yoast_head_json":{"title":"Gleen | Cleary Group | Cleaning Solution","robots":{"index":"index","follow":"follow","max-snippet":"max-snippet:-1","max-image-preview":"max-image-preview:large","max-video-preview":"max-video-preview:-1"},"canonical":"https:\/\/shop.clearygroup.it\/es\/gleen\/","og_locale":"es_ES","og_type":"article","og_title":"Gleen | Cleary Group | Cleaning Solution","og_url":"https:\/\/shop.clearygroup.it\/es\/gleen\/","og_site_name":"Cleary Group | Cleaning Solution","article_publisher":"https:\/\/www.facebook.com\/Cleary.Group\/","article_modified_time":"2023-03-07T16:46:26+00:00","og_image":[{"url":"https:\/\/shop.clearygroup.it\/wp-content\/uploads\/2023\/01\/gleen.png"}],"twitter_card":"summary_large_image","twitter_misc":{"Tiempo de lectura":"1 minuto"},"schema":{"@context":"https:\/\/schema.org","@graph":[{"@type":"WebPage","@id":"https:\/\/shop.clearygroup.it\/es\/gleen\/","url":"https:\/\/shop.clearygroup.it\/es\/gleen\/","name":"Gleen | Cleary Group | Cleaning Solution","isPartOf":{"@id":"https:\/\/shop.clearygroup.it\/#website"},"datePublished":"2023-02-02T12:54:17+00:00","dateModified":"2023-03-07T16:46:26+00:00","breadcrumb":{"@id":"https:\/\/shop.clearygroup.it\/es\/gleen\/#breadcrumb"},"inLanguage":"es","potentialAction":[{"@type":"ReadAction","target":["https:\/\/shop.clearygroup.it\/es\/gleen\/"]}]},{"@type":"BreadcrumbList","@id":"https:\/\/shop.clearygroup.it\/es\/gleen\/#breadcrumb","itemListElement":[{"@type":"ListItem","position":1,"name":"Home","item":"https:\/\/shop.clearygroup.it\/es\/home\/"},{"@type":"ListItem","position":2,"name":"Gleen"}]},{"@type":"WebSite","@id":"https:\/\/shop.clearygroup.it\/#website","url":"https:\/\/shop.clearygroup.it\/","name":"Cleary Group | Cleaning Solution","description":"Soluzioni per un pulito universale","publisher":{"@id":"https:\/\/shop.clearygroup.it\/#organization"},"potentialAction":[{"@type":"SearchAction","target":{"@type":"EntryPoint","urlTemplate":"https:\/\/shop.clearygroup.it\/?s={search_term_string}"},"query-input":"required name=search_term_string"}],"inLanguage":"es"},{"@type":"Organization","@id":"https:\/\/shop.clearygroup.it\/#organization","name":"Cleary Group","alternateName":"Cleary Group","url":"https:\/\/shop.clearygroup.it\/","logo":{"@type":"ImageObject","inLanguage":"es","@id":"https:\/\/shop.clearygroup.it\/#\/schema\/logo\/image\/","url":"https:\/\/shop.clearygroup.it\/wp-content\/uploads\/2023\/01\/logo_clearygroup.svg","contentUrl":"https:\/\/shop.clearygroup.it\/wp-content\/uploads\/2023\/01\/logo_clearygroup.svg","width":233,"height":93,"caption":"Cleary Group"},"image":{"@id":"https:\/\/shop.clearygroup.it\/#\/schema\/logo\/image\/"},"sameAs":["https:\/\/www.facebook.com\/Cleary.Group\/","https:\/\/shop.clearygroup.it\/cleary-group\/#","https:\/\/it.linkedin.com\/company\/cleary-group---s.r.l."]}]}},"_links":{"self":[{"href":"https:\/\/shop.clearygroup.it\/es\/wp-json\/wp\/v2\/pages\/815","targetHints":{"allow":["GET"]}}],"collection":[{"href":"https:\/\/shop.clearygroup.it\/es\/wp-json\/wp\/v2\/pages"}],"about":[{"href":"https:\/\/shop.clearygroup.it\/es\/wp-json\/wp\/v2\/types\/page"}],"author":[{"embeddable":true,"href":"https:\/\/shop.clearygroup.it\/es\/wp-json\/wp\/v2\/users\/1"}],"replies":[{"embeddable":true,"href":"https:\/\/shop.clearygroup.it\/es\/wp-json\/wp\/v2\/comments?post=815"}],"version-history":[{"count":3,"href":"https:\/\/shop.clearygroup.it\/es\/wp-json\/wp\/v2\/pages\/815\/revisions"}],"predecessor-version":[{"id":1427,"href":"https:\/\/shop.clearygroup.it\/es\/wp-json\/wp\/v2\/pages\/815\/revisions\/1427"}],"wp:attachment":[{"href":"https:\/\/shop.clearygroup.it\/es\/wp-json\/wp\/v2\/media?parent=815"}],"curies":[{"name":"wp","href":"https:\/\/api.w.org\/{rel}","templated":true}]}}