{"id":840,"date":"2023-02-09T16:31:13","date_gmt":"2023-02-09T15:31:13","guid":{"rendered":"https:\/\/shop.clearygroup.it\/le-linee\/"},"modified":"2023-02-22T17:13:59","modified_gmt":"2023-02-22T16:13:59","slug":"las-marcas","status":"publish","type":"page","link":"https:\/\/shop.clearygroup.it\/es\/las-marcas\/","title":{"rendered":"Las marcas"},"content":{"rendered":"<section class=\"l-section wpb_row us_custom_ec2e48df height_medium width_full\" id=\"linee\"><div class=\"l-section-h i-cf\"><div class=\"g-cols vc_row via_grid cols_1 laptops-cols_inherit tablets-cols_inherit mobiles-cols_1 valign_top type_default stacking_default\" style=\"grid-gap:2rem;\"><div class=\"wpb_column vc_column_container\"><div class=\"vc_column-inner\"><div class=\"g-cols wpb_row us_custom_20242ce6 boxed via_grid cols_1 laptops-cols_inherit tablets-cols_inherit mobiles-cols_1 valign_top type_default stacking_default\" style=\"grid-gap:0rem;\"><div class=\"wpb_column vc_column_container\"><div class=\"vc_column-inner\"><div class=\"wpb_text_column title_section\"><div class=\"wpb_wrapper\"><h2>Nuestras marcas<\/h2>\n<\/div><\/div><div class=\"w-grid type_grid layout_56 cols_5\" id=\"us_grid_1\"><style>#us_grid_1 .w-grid-item{padding:1rem}#us_grid_1 .w-grid-list{margin:-1rem}.w-grid + #us_grid_1 .w-grid-list,.w-grid-none + #us_grid_1 .w-grid-list{margin-top:1rem}@media (max-width:1199px){#us_grid_1 .w-grid-item{width:33.3333%}}@media (max-width:899px){#us_grid_1 .w-grid-item{width:50%}}@media (max-width:599px){#us_grid_1 .w-grid-list{margin:0}#us_grid_1 .w-grid-item{width:100%;padding:0;margin-bottom:1rem}}.layout_56 .w-grid-item-h{}.layout_56 .usg_post_content_1{transition-duration:0.3s;transform-origin:50% 50%;transform:scale(1) translate(0%,0%)}.layout_56 .w-grid-item-h:hover .usg_post_content_1{transform:scale(1.05) translate(0%,0%);opacity:0.9}<\/style><div class=\"w-grid-list\">\t<div class=\"w-grid-item type_term term-95 term-io-il-pulito-originale-es ratio_1x1\">\r\n\t\t<div class=\"w-grid-item-h\">\r\n\t\t\t\t\t\t<div class=\"w-post-elm post_content usg_post_content_1\"><a href=\"\/es\/io-il-pulito-originale\/\"><img decoding=\"async\" src=\"\/wp-content\/uploads\/2023\/01\/io_pulito_originale.png\"><\/a>\r\n\r\n<strong>La limpieza original<\/strong>\r\n\r\nUna l\u00ednea hist\u00f3rica, \u00fanica y completa para la limpieza de la casa.<\/div>\t\t<\/div>\r\n\t<\/div>\r\n\t<div class=\"w-grid-item type_term term-99 term-disolvo-es ratio_1x1\">\r\n\t\t<div class=\"w-grid-item-h\">\r\n\t\t\t\t\t\t<div class=\"w-post-elm post_content usg_post_content_1\"><a href=\"\/es\/disolvo\/\"><img decoding=\"async\" src=\"\/wp-content\/uploads\/2023\/01\/disolvo.png\"><\/a>\r\n\r\n<strong>El desatascador insuperable<\/strong>\r\n\r\nDetergentes espec\u00edficos para la m\u00e1xima eficacia en cada contexto de uso.<\/div>\t\t<\/div>\r\n\t<\/div>\r\n\t<div class=\"w-grid-item type_term term-97 term-gleen-es ratio_1x1\">\r\n\t\t<div class=\"w-grid-item-h\">\r\n\t\t\t\t\t\t<div class=\"w-post-elm post_content usg_post_content_1\"><a href=\"\/es\/gleen\/\"><img decoding=\"async\" src=\"\/wp-content\/uploads\/2023\/01\/gleen.png\" \/><\/a>\r\n\r\n<strong>La limpieza universal<\/strong>\r\n\r\nSoluci\u00f3n premium para la limpieza de la casa. Gleen, innovaci\u00f3n y calidad.<\/div>\t\t<\/div>\r\n\t<\/div>\r\n\t<div class=\"w-grid-item type_term term-93 term-belinda-es ratio_1x1\">\r\n\t\t<div class=\"w-grid-item-h\">\r\n\t\t\t\t\t\t<div class=\"w-post-elm post_content usg_post_content_1\"><a href=\"\/es\/belinda\/\"><img decoding=\"async\" src=\"\/wp-content\/uploads\/2023\/01\/belinda.png\" \/><\/a>\r\n\r\n<strong>Belinda Be Clean<\/strong>\r\n\r\nHigiene y limpieza en pocos pasos, para un hogar brillante y sin esfuerzo.<\/div>\t\t<\/div>\r\n\t<\/div>\r\n\t<div class=\"w-grid-item type_term term-101 term-texas-es ratio_1x1\">\r\n\t\t<div class=\"w-grid-item-h\">\r\n\t\t\t\t\t\t<div class=\"w-post-elm post_content usg_post_content_1\"><a href=\"\/es\/texas\/\"><img decoding=\"async\" src=\"\/wp-content\/uploads\/2023\/01\/texas.png\" \/><\/a>\r\n\r\n<strong>La limpieza professional<\/strong>\r\n\r\nDetergentes espec\u00edficos para la m\u00e1xima eficacia en cada contexto de uso.<\/div>\t\t<\/div>\r\n\t<\/div>\r\n<\/div><div class=\"w-grid-preloader\"><div class=\"g-preloader type_1\">\r\n\t<div><\/div>\r\n<\/div>\r\n<\/div>\t<div class=\"w-grid-json hidden\" onclick='return {&quot;action&quot;:&quot;us_ajax_grid&quot;,&quot;ajax_url&quot;:&quot;https:\\\/\\\/shop.clearygroup.it\\\/wp-admin\\\/admin-ajax.php&quot;,&quot;infinite_scroll&quot;:0,&quot;max_num_pages&quot;:0,&quot;pagination&quot;:&quot;none&quot;,&quot;permalink_url&quot;:&quot;https:\\\/\\\/shop.clearygroup.it\\\/es\\\/wp-json\\\/wp\\\/v2\\\/pages\\\/840\\\/&quot;,&quot;template_vars&quot;:{&quot;columns&quot;:&quot;5&quot;,&quot;exclude_items&quot;:&quot;none&quot;,&quot;img_size&quot;:&quot;default&quot;,&quot;ignore_items_size&quot;:0,&quot;items_layout&quot;:&quot;56&quot;,&quot;items_offset&quot;:&quot;1&quot;,&quot;load_animation&quot;:&quot;none&quot;,&quot;overriding_link&quot;:&quot;none&quot;,&quot;post_id&quot;:840,&quot;query_args&quot;:false,&quot;orderby_query_args&quot;:{&quot;orderby&quot;:{&quot;date&quot;:&quot;DESC&quot;}},&quot;type&quot;:&quot;grid&quot;,&quot;us_grid_ajax_index&quot;:1,&quot;us_grid_filter_params&quot;:null,&quot;us_grid_index&quot;:1,&quot;_us_grid_post_type&quot;:&quot;taxonomy_terms&quot;,&quot;lang&quot;:&quot;es&quot;}}'><\/div>\r\n\t<\/div><\/div><\/div><\/div><\/div><\/div><\/div><\/div><\/section>\n","protected":false},"excerpt":{"rendered":"Nuestras marcas La limpieza original Una l\u00ednea hist\u00f3rica, \u00fanica y completa para la limpieza de la casa. El desatascador insuperable Detergentes espec\u00edficos para la m\u00e1xima eficacia en cada contexto de uso. La limpieza universal Soluci\u00f3n premium para la limpieza de la casa. Gleen, innovaci\u00f3n y calidad. Belinda Be Clean Higiene y limpieza en pocos pasos,...","protected":false},"author":1,"featured_media":0,"parent":0,"menu_order":0,"comment_status":"closed","ping_status":"closed","template":"","meta":{"inline_featured_image":false,"footnotes":""},"class_list":["post-840","page","type-page","status-publish","hentry"],"acf":[],"yoast_head":"<!-- This site is optimized with the Yoast SEO plugin v20.7 - https:\/\/yoast.com\/wordpress\/plugins\/seo\/ -->\n<title>Las marcas | Cleary Group | Cleaning Solution<\/title>\n<meta name=\"robots\" content=\"index, follow, max-snippet:-1, max-image-preview:large, max-video-preview:-1\" \/>\n<link rel=\"canonical\" href=\"https:\/\/shop.clearygroup.it\/es\/las-marcas\/\" \/>\n<meta property=\"og:locale\" content=\"es_ES\" \/>\n<meta property=\"og:type\" content=\"article\" \/>\n<meta property=\"og:title\" content=\"Las marcas | Cleary Group | Cleaning Solution\" \/>\n<meta property=\"og:url\" content=\"https:\/\/shop.clearygroup.it\/es\/las-marcas\/\" \/>\n<meta property=\"og:site_name\" content=\"Cleary Group | Cleaning Solution\" \/>\n<meta property=\"article:publisher\" content=\"https:\/\/www.facebook.com\/Cleary.Group\/\" \/>\n<meta property=\"article:modified_time\" content=\"2023-02-22T16:13:59+00:00\" \/>\n<meta property=\"og:image\" content=\"https:\/\/shop.clearygroup.it\/wp-content\/uploads\/2023\/03\/header_home_mobile_2023.jpg\" \/>\n\t<meta property=\"og:image:width\" content=\"1440\" \/>\n\t<meta property=\"og:image:height\" content=\"782\" \/>\n\t<meta property=\"og:image:type\" content=\"image\/jpeg\" \/>\n<meta name=\"twitter:card\" content=\"summary_large_image\" \/>\n<meta name=\"twitter:label1\" content=\"Tiempo de lectura\" \/>\n\t<meta name=\"twitter:data1\" content=\"1 minuto\" \/>\n<script type=\"application\/ld+json\" class=\"yoast-schema-graph\">{\"@context\":\"https:\/\/schema.org\",\"@graph\":[{\"@type\":\"WebPage\",\"@id\":\"https:\/\/shop.clearygroup.it\/es\/las-marcas\/\",\"url\":\"https:\/\/shop.clearygroup.it\/es\/las-marcas\/\",\"name\":\"Las marcas | Cleary Group | Cleaning Solution\",\"isPartOf\":{\"@id\":\"https:\/\/shop.clearygroup.it\/#website\"},\"datePublished\":\"2023-02-09T15:31:13+00:00\",\"dateModified\":\"2023-02-22T16:13:59+00:00\",\"breadcrumb\":{\"@id\":\"https:\/\/shop.clearygroup.it\/es\/las-marcas\/#breadcrumb\"},\"inLanguage\":\"es\",\"potentialAction\":[{\"@type\":\"ReadAction\",\"target\":[\"https:\/\/shop.clearygroup.it\/es\/las-marcas\/\"]}]},{\"@type\":\"BreadcrumbList\",\"@id\":\"https:\/\/shop.clearygroup.it\/es\/las-marcas\/#breadcrumb\",\"itemListElement\":[{\"@type\":\"ListItem\",\"position\":1,\"name\":\"Home\",\"item\":\"https:\/\/shop.clearygroup.it\/es\/home\/\"},{\"@type\":\"ListItem\",\"position\":2,\"name\":\"Las marcas\"}]},{\"@type\":\"WebSite\",\"@id\":\"https:\/\/shop.clearygroup.it\/#website\",\"url\":\"https:\/\/shop.clearygroup.it\/\",\"name\":\"Cleary Group | Cleaning Solution\",\"description\":\"Soluzioni per un pulito universale\",\"publisher\":{\"@id\":\"https:\/\/shop.clearygroup.it\/#organization\"},\"potentialAction\":[{\"@type\":\"SearchAction\",\"target\":{\"@type\":\"EntryPoint\",\"urlTemplate\":\"https:\/\/shop.clearygroup.it\/?s={search_term_string}\"},\"query-input\":\"required name=search_term_string\"}],\"inLanguage\":\"es\"},{\"@type\":\"Organization\",\"@id\":\"https:\/\/shop.clearygroup.it\/#organization\",\"name\":\"Cleary Group\",\"alternateName\":\"Cleary Group\",\"url\":\"https:\/\/shop.clearygroup.it\/\",\"logo\":{\"@type\":\"ImageObject\",\"inLanguage\":\"es\",\"@id\":\"https:\/\/shop.clearygroup.it\/#\/schema\/logo\/image\/\",\"url\":\"https:\/\/shop.clearygroup.it\/wp-content\/uploads\/2023\/01\/logo_clearygroup.svg\",\"contentUrl\":\"https:\/\/shop.clearygroup.it\/wp-content\/uploads\/2023\/01\/logo_clearygroup.svg\",\"width\":233,\"height\":93,\"caption\":\"Cleary Group\"},\"image\":{\"@id\":\"https:\/\/shop.clearygroup.it\/#\/schema\/logo\/image\/\"},\"sameAs\":[\"https:\/\/www.facebook.com\/Cleary.Group\/\",\"https:\/\/shop.clearygroup.it\/cleary-group\/#\",\"https:\/\/it.linkedin.com\/company\/cleary-group---s.r.l.\"]}]}<\/script>\n<!-- \/ Yoast SEO plugin. -->","yoast_head_json":{"title":"Las marcas | Cleary Group | Cleaning Solution","robots":{"index":"index","follow":"follow","max-snippet":"max-snippet:-1","max-image-preview":"max-image-preview:large","max-video-preview":"max-video-preview:-1"},"canonical":"https:\/\/shop.clearygroup.it\/es\/las-marcas\/","og_locale":"es_ES","og_type":"article","og_title":"Las marcas | Cleary Group | Cleaning Solution","og_url":"https:\/\/shop.clearygroup.it\/es\/las-marcas\/","og_site_name":"Cleary Group | Cleaning Solution","article_publisher":"https:\/\/www.facebook.com\/Cleary.Group\/","article_modified_time":"2023-02-22T16:13:59+00:00","og_image":[{"width":1440,"height":782,"url":"https:\/\/shop.clearygroup.it\/wp-content\/uploads\/2023\/03\/header_home_mobile_2023.jpg","type":"image\/jpeg"}],"twitter_card":"summary_large_image","twitter_misc":{"Tiempo de lectura":"1 minuto"},"schema":{"@context":"https:\/\/schema.org","@graph":[{"@type":"WebPage","@id":"https:\/\/shop.clearygroup.it\/es\/las-marcas\/","url":"https:\/\/shop.clearygroup.it\/es\/las-marcas\/","name":"Las marcas | Cleary Group | Cleaning Solution","isPartOf":{"@id":"https:\/\/shop.clearygroup.it\/#website"},"datePublished":"2023-02-09T15:31:13+00:00","dateModified":"2023-02-22T16:13:59+00:00","breadcrumb":{"@id":"https:\/\/shop.clearygroup.it\/es\/las-marcas\/#breadcrumb"},"inLanguage":"es","potentialAction":[{"@type":"ReadAction","target":["https:\/\/shop.clearygroup.it\/es\/las-marcas\/"]}]},{"@type":"BreadcrumbList","@id":"https:\/\/shop.clearygroup.it\/es\/las-marcas\/#breadcrumb","itemListElement":[{"@type":"ListItem","position":1,"name":"Home","item":"https:\/\/shop.clearygroup.it\/es\/home\/"},{"@type":"ListItem","position":2,"name":"Las marcas"}]},{"@type":"WebSite","@id":"https:\/\/shop.clearygroup.it\/#website","url":"https:\/\/shop.clearygroup.it\/","name":"Cleary Group | Cleaning Solution","description":"Soluzioni per un pulito universale","publisher":{"@id":"https:\/\/shop.clearygroup.it\/#organization"},"potentialAction":[{"@type":"SearchAction","target":{"@type":"EntryPoint","urlTemplate":"https:\/\/shop.clearygroup.it\/?s={search_term_string}"},"query-input":"required name=search_term_string"}],"inLanguage":"es"},{"@type":"Organization","@id":"https:\/\/shop.clearygroup.it\/#organization","name":"Cleary Group","alternateName":"Cleary Group","url":"https:\/\/shop.clearygroup.it\/","logo":{"@type":"ImageObject","inLanguage":"es","@id":"https:\/\/shop.clearygroup.it\/#\/schema\/logo\/image\/","url":"https:\/\/shop.clearygroup.it\/wp-content\/uploads\/2023\/01\/logo_clearygroup.svg","contentUrl":"https:\/\/shop.clearygroup.it\/wp-content\/uploads\/2023\/01\/logo_clearygroup.svg","width":233,"height":93,"caption":"Cleary Group"},"image":{"@id":"https:\/\/shop.clearygroup.it\/#\/schema\/logo\/image\/"},"sameAs":["https:\/\/www.facebook.com\/Cleary.Group\/","https:\/\/shop.clearygroup.it\/cleary-group\/#","https:\/\/it.linkedin.com\/company\/cleary-group---s.r.l."]}]}},"_links":{"self":[{"href":"https:\/\/shop.clearygroup.it\/es\/wp-json\/wp\/v2\/pages\/840","targetHints":{"allow":["GET"]}}],"collection":[{"href":"https:\/\/shop.clearygroup.it\/es\/wp-json\/wp\/v2\/pages"}],"about":[{"href":"https:\/\/shop.clearygroup.it\/es\/wp-json\/wp\/v2\/types\/page"}],"author":[{"embeddable":true,"href":"https:\/\/shop.clearygroup.it\/es\/wp-json\/wp\/v2\/users\/1"}],"replies":[{"embeddable":true,"href":"https:\/\/shop.clearygroup.it\/es\/wp-json\/wp\/v2\/comments?post=840"}],"version-history":[{"count":1,"href":"https:\/\/shop.clearygroup.it\/es\/wp-json\/wp\/v2\/pages\/840\/revisions"}],"predecessor-version":[{"id":843,"href":"https:\/\/shop.clearygroup.it\/es\/wp-json\/wp\/v2\/pages\/840\/revisions\/843"}],"wp:attachment":[{"href":"https:\/\/shop.clearygroup.it\/es\/wp-json\/wp\/v2\/media?parent=840"}],"curies":[{"name":"wp","href":"https:\/\/api.w.org\/{rel}","templated":true}]}}