{"id":1312,"date":"2023-03-03T16:44:48","date_gmt":"2023-03-03T15:44:48","guid":{"rendered":"https:\/\/shop.clearygroup.it\/prodotto\/io-igienizzo-igienizzante-superfici-alcool\/"},"modified":"2023-05-09T12:30:42","modified_gmt":"2023-05-09T10:30:42","slug":"io-igienizzo-igienizzante-superfici-alcool","status":"publish","type":"product","link":"https:\/\/shop.clearygroup.it\/es\/producto\/io-igienizzo-igienizzante-superfici-alcool\/","title":{"rendered":"Io Igienizzo igienizzante superfici + alcool"},"content":{"rendered":"","protected":false},"excerpt":{"rendered":"<p>IO IGIENIZZO Desinfectante Multiusos es el detergente milleusi para la limpieza de las superficies lavables del hogar. Desinfecta las superficies ayudando a eliminar g\u00e9rmenes y bacterias*, sin necesidad de enjuagar y sin dejar halos. Se puede utilizar en azulejos, superficies de pl\u00e1stico, candelabros, muebles laminados, ventanas, vidrios, espejos y cristales. No deja halos, no requiere enjuague.<br \/>\n*Eliminaci\u00f3n mec\u00e1nica de g\u00e9rmenes y bacterias. El producto no es un desinfectante<\/p>\n","protected":false},"featured_media":1093,"template":"","meta":{"inline_featured_image":false},"pwb-brand":[95],"product_cat":[105],"product_tag":[],"class_list":["post-1312","product","type-product","status-publish","has-post-thumbnail","hentry","pwb-brand-io-il-pulito-originale-es","product_cat-detergente","pa_adatto-per-copas-y-cristales","pa_adatto-per-superficies-plasticas-y-brillantes","pa_formato-625-ml-es","pa_linea-io-es"],"acf":[],"yoast_head":"<!-- This site is optimized with the Yoast SEO plugin v20.7 - https:\/\/yoast.com\/wordpress\/plugins\/seo\/ -->\n<title>Io Igienizzo igienizzante superfici + alcool | Cleary Group | Cleaning Solution<\/title>\n<meta name=\"robots\" content=\"index, follow, max-snippet:-1, max-image-preview:large, max-video-preview:-1\" \/>\n<link rel=\"canonical\" href=\"https:\/\/shop.clearygroup.it\/es\/producto\/io-igienizzo-igienizzante-superfici-alcool\/\" \/>\n<meta property=\"og:locale\" content=\"es_ES\" \/>\n<meta property=\"og:type\" content=\"article\" \/>\n<meta property=\"og:title\" content=\"Io Igienizzo igienizzante superfici + alcool | Cleary Group | Cleaning Solution\" \/>\n<meta property=\"og:description\" content=\"IO IGIENIZZO Desinfectante Multiusos es el detergente milleusi para la limpieza de las superficies lavables del hogar. Desinfecta las superficies ayudando a eliminar g\u00e9rmenes y bacterias*, sin necesidad de enjuagar y sin dejar halos. Se puede utilizar en azulejos, superficies de pl\u00e1stico, candelabros, muebles laminados, ventanas, vidrios, espejos y cristales. No deja halos, no requiere enjuague. *Eliminaci\u00f3n mec\u00e1nica de g\u00e9rmenes y bacterias. El producto no es un desinfectante\" \/>\n<meta property=\"og:url\" content=\"https:\/\/shop.clearygroup.it\/es\/producto\/io-igienizzo-igienizzante-superfici-alcool\/\" \/>\n<meta property=\"og:site_name\" content=\"Cleary Group | Cleaning Solution\" \/>\n<meta property=\"article:publisher\" content=\"https:\/\/www.facebook.com\/Cleary.Group\/\" \/>\n<meta property=\"article:modified_time\" content=\"2023-05-09T10:30:42+00:00\" \/>\n<meta property=\"og:image\" content=\"https:\/\/shop.clearygroup.it\/wp-content\/uploads\/2023\/03\/Ioigienizzo-igienizzante-superfici-alcool.png\" \/>\n\t<meta property=\"og:image:width\" content=\"790\" \/>\n\t<meta property=\"og:image:height\" content=\"1100\" \/>\n\t<meta property=\"og:image:type\" content=\"image\/png\" \/>\n<meta name=\"twitter:card\" content=\"summary_large_image\" \/>\n<script type=\"application\/ld+json\" class=\"yoast-schema-graph\">{\"@context\":\"https:\/\/schema.org\",\"@graph\":[{\"@type\":\"WebPage\",\"@id\":\"https:\/\/shop.clearygroup.it\/es\/producto\/io-igienizzo-igienizzante-superfici-alcool\/\",\"url\":\"https:\/\/shop.clearygroup.it\/es\/producto\/io-igienizzo-igienizzante-superfici-alcool\/\",\"name\":\"Io Igienizzo igienizzante superfici + alcool | Cleary Group | Cleaning Solution\",\"isPartOf\":{\"@id\":\"https:\/\/shop.clearygroup.it\/#website\"},\"datePublished\":\"2023-03-03T15:44:48+00:00\",\"dateModified\":\"2023-05-09T10:30:42+00:00\",\"breadcrumb\":{\"@id\":\"https:\/\/shop.clearygroup.it\/es\/producto\/io-igienizzo-igienizzante-superfici-alcool\/#breadcrumb\"},\"inLanguage\":\"es\",\"potentialAction\":[{\"@type\":\"ReadAction\",\"target\":[\"https:\/\/shop.clearygroup.it\/es\/producto\/io-igienizzo-igienizzante-superfici-alcool\/\"]}]},{\"@type\":\"BreadcrumbList\",\"@id\":\"https:\/\/shop.clearygroup.it\/es\/producto\/io-igienizzo-igienizzante-superfici-alcool\/#breadcrumb\",\"itemListElement\":[{\"@type\":\"ListItem\",\"position\":1,\"name\":\"Home\",\"item\":\"https:\/\/shop.clearygroup.it\/es\/home\/\"},{\"@type\":\"ListItem\",\"position\":2,\"name\":\"Shop\",\"item\":\"https:\/\/shop.clearygroup.it\/es\/negozio\/\"},{\"@type\":\"ListItem\",\"position\":3,\"name\":\"Io Igienizzo igienizzante superfici + alcool\"}]},{\"@type\":\"WebSite\",\"@id\":\"https:\/\/shop.clearygroup.it\/#website\",\"url\":\"https:\/\/shop.clearygroup.it\/\",\"name\":\"Cleary Group | Cleaning Solution\",\"description\":\"Soluzioni per un pulito universale\",\"publisher\":{\"@id\":\"https:\/\/shop.clearygroup.it\/#organization\"},\"potentialAction\":[{\"@type\":\"SearchAction\",\"target\":{\"@type\":\"EntryPoint\",\"urlTemplate\":\"https:\/\/shop.clearygroup.it\/?s={search_term_string}\"},\"query-input\":\"required name=search_term_string\"}],\"inLanguage\":\"es\"},{\"@type\":\"Organization\",\"@id\":\"https:\/\/shop.clearygroup.it\/#organization\",\"name\":\"Cleary Group\",\"alternateName\":\"Cleary Group\",\"url\":\"https:\/\/shop.clearygroup.it\/\",\"logo\":{\"@type\":\"ImageObject\",\"inLanguage\":\"es\",\"@id\":\"https:\/\/shop.clearygroup.it\/#\/schema\/logo\/image\/\",\"url\":\"https:\/\/shop.clearygroup.it\/wp-content\/uploads\/2023\/01\/logo_clearygroup.svg\",\"contentUrl\":\"https:\/\/shop.clearygroup.it\/wp-content\/uploads\/2023\/01\/logo_clearygroup.svg\",\"width\":233,\"height\":93,\"caption\":\"Cleary Group\"},\"image\":{\"@id\":\"https:\/\/shop.clearygroup.it\/#\/schema\/logo\/image\/\"},\"sameAs\":[\"https:\/\/www.facebook.com\/Cleary.Group\/\",\"https:\/\/shop.clearygroup.it\/cleary-group\/#\",\"https:\/\/it.linkedin.com\/company\/cleary-group---s.r.l.\"]}]}<\/script>\n<!-- \/ Yoast SEO plugin. -->","yoast_head_json":{"title":"Io Igienizzo igienizzante superfici + alcool | Cleary Group | Cleaning Solution","robots":{"index":"index","follow":"follow","max-snippet":"max-snippet:-1","max-image-preview":"max-image-preview:large","max-video-preview":"max-video-preview:-1"},"canonical":"https:\/\/shop.clearygroup.it\/es\/producto\/io-igienizzo-igienizzante-superfici-alcool\/","og_locale":"es_ES","og_type":"article","og_title":"Io Igienizzo igienizzante superfici + alcool | Cleary Group | Cleaning Solution","og_description":"IO IGIENIZZO Desinfectante Multiusos es el detergente milleusi para la limpieza de las superficies lavables del hogar. Desinfecta las superficies ayudando a eliminar g\u00e9rmenes y bacterias*, sin necesidad de enjuagar y sin dejar halos. Se puede utilizar en azulejos, superficies de pl\u00e1stico, candelabros, muebles laminados, ventanas, vidrios, espejos y cristales. No deja halos, no requiere enjuague. *Eliminaci\u00f3n mec\u00e1nica de g\u00e9rmenes y bacterias. El producto no es un desinfectante","og_url":"https:\/\/shop.clearygroup.it\/es\/producto\/io-igienizzo-igienizzante-superfici-alcool\/","og_site_name":"Cleary Group | Cleaning Solution","article_publisher":"https:\/\/www.facebook.com\/Cleary.Group\/","article_modified_time":"2023-05-09T10:30:42+00:00","og_image":[{"width":790,"height":1100,"url":"https:\/\/shop.clearygroup.it\/wp-content\/uploads\/2023\/03\/Ioigienizzo-igienizzante-superfici-alcool.png","type":"image\/png"}],"twitter_card":"summary_large_image","schema":{"@context":"https:\/\/schema.org","@graph":[{"@type":"WebPage","@id":"https:\/\/shop.clearygroup.it\/es\/producto\/io-igienizzo-igienizzante-superfici-alcool\/","url":"https:\/\/shop.clearygroup.it\/es\/producto\/io-igienizzo-igienizzante-superfici-alcool\/","name":"Io Igienizzo igienizzante superfici + alcool | Cleary Group | Cleaning Solution","isPartOf":{"@id":"https:\/\/shop.clearygroup.it\/#website"},"datePublished":"2023-03-03T15:44:48+00:00","dateModified":"2023-05-09T10:30:42+00:00","breadcrumb":{"@id":"https:\/\/shop.clearygroup.it\/es\/producto\/io-igienizzo-igienizzante-superfici-alcool\/#breadcrumb"},"inLanguage":"es","potentialAction":[{"@type":"ReadAction","target":["https:\/\/shop.clearygroup.it\/es\/producto\/io-igienizzo-igienizzante-superfici-alcool\/"]}]},{"@type":"BreadcrumbList","@id":"https:\/\/shop.clearygroup.it\/es\/producto\/io-igienizzo-igienizzante-superfici-alcool\/#breadcrumb","itemListElement":[{"@type":"ListItem","position":1,"name":"Home","item":"https:\/\/shop.clearygroup.it\/es\/home\/"},{"@type":"ListItem","position":2,"name":"Shop","item":"https:\/\/shop.clearygroup.it\/es\/negozio\/"},{"@type":"ListItem","position":3,"name":"Io Igienizzo igienizzante superfici + alcool"}]},{"@type":"WebSite","@id":"https:\/\/shop.clearygroup.it\/#website","url":"https:\/\/shop.clearygroup.it\/","name":"Cleary Group | Cleaning Solution","description":"Soluzioni per un pulito universale","publisher":{"@id":"https:\/\/shop.clearygroup.it\/#organization"},"potentialAction":[{"@type":"SearchAction","target":{"@type":"EntryPoint","urlTemplate":"https:\/\/shop.clearygroup.it\/?s={search_term_string}"},"query-input":"required name=search_term_string"}],"inLanguage":"es"},{"@type":"Organization","@id":"https:\/\/shop.clearygroup.it\/#organization","name":"Cleary Group","alternateName":"Cleary Group","url":"https:\/\/shop.clearygroup.it\/","logo":{"@type":"ImageObject","inLanguage":"es","@id":"https:\/\/shop.clearygroup.it\/#\/schema\/logo\/image\/","url":"https:\/\/shop.clearygroup.it\/wp-content\/uploads\/2023\/01\/logo_clearygroup.svg","contentUrl":"https:\/\/shop.clearygroup.it\/wp-content\/uploads\/2023\/01\/logo_clearygroup.svg","width":233,"height":93,"caption":"Cleary Group"},"image":{"@id":"https:\/\/shop.clearygroup.it\/#\/schema\/logo\/image\/"},"sameAs":["https:\/\/www.facebook.com\/Cleary.Group\/","https:\/\/shop.clearygroup.it\/cleary-group\/#","https:\/\/it.linkedin.com\/company\/cleary-group---s.r.l."]}]}},"brands":[{"id":95,"name":"Io, il pulito originale","slug":"io-il-pulito-originale-es"}],"_links":{"self":[{"href":"https:\/\/shop.clearygroup.it\/es\/wp-json\/wp\/v2\/product\/1312","targetHints":{"allow":["GET"]}}],"collection":[{"href":"https:\/\/shop.clearygroup.it\/es\/wp-json\/wp\/v2\/product"}],"about":[{"href":"https:\/\/shop.clearygroup.it\/es\/wp-json\/wp\/v2\/types\/product"}],"wp:featuredmedia":[{"embeddable":true,"href":"https:\/\/shop.clearygroup.it\/es\/wp-json\/wp\/v2\/media\/1093"}],"wp:attachment":[{"href":"https:\/\/shop.clearygroup.it\/es\/wp-json\/wp\/v2\/media?parent=1312"}],"wp:term":[{"taxonomy":"pwb-brand","embeddable":true,"href":"https:\/\/shop.clearygroup.it\/es\/wp-json\/wp\/v2\/pwb-brand?post=1312"},{"taxonomy":"product_cat","embeddable":true,"href":"https:\/\/shop.clearygroup.it\/es\/wp-json\/wp\/v2\/product_cat?post=1312"},{"taxonomy":"product_tag","embeddable":true,"href":"https:\/\/shop.clearygroup.it\/es\/wp-json\/wp\/v2\/product_tag?post=1312"}],"curies":[{"name":"wp","href":"https:\/\/api.w.org\/{rel}","templated":true}]}}