{"id":1316,"date":"2023-03-03T16:16:40","date_gmt":"2023-03-03T15:16:40","guid":{"rendered":"https:\/\/shop.clearygroup.it\/prodotto\/io-bucato-detersivo\/"},"modified":"2023-04-03T15:24:53","modified_gmt":"2023-04-03T13:24:53","slug":"io-bucato-detersivo","status":"publish","type":"product","link":"https:\/\/shop.clearygroup.it\/es\/producto\/io-bucato-detersivo\/","title":{"rendered":"Io Bucato detersivo"},"content":{"rendered":"","protected":false},"excerpt":{"rendered":"<p>Jab\u00f3n l\u00edquido para lavar a mano y lavadora perfume cl\u00e1sico\/marsella\/ talco. Adecuado para lavar todas las telas (blanco y colorido). A mano y en la lavadora. Excelentes resultados en las manchas m\u00e1s dif\u00edciles. Adecuado para uso dom\u00e9stico (hogar, etc.) y profesional (lavander\u00edas, etc.)<\/p>\n","protected":false},"featured_media":1078,"template":"","meta":{"inline_featured_image":false},"pwb-brand":[95],"product_cat":[105],"product_tag":[],"class_list":["post-1316","product","type-product","status-publish","has-post-thumbnail","hentry","pwb-brand-io-il-pulito-originale-es","product_cat-detergente","pa_adatto-per-tejido","pa_formato-1000-ml-es","pa_linea-io-es","pa_profumazione-clasico","pa_profumazione-marsella","pa_profumazione-lana-y-seda","pa_profumazione-talco-es"],"acf":[],"yoast_head":"<!-- This site is optimized with the Yoast SEO plugin v20.7 - https:\/\/yoast.com\/wordpress\/plugins\/seo\/ -->\n<title>Io Bucato detersivo | Cleary Group | Cleaning Solution<\/title>\n<meta name=\"robots\" content=\"index, follow, max-snippet:-1, max-image-preview:large, max-video-preview:-1\" \/>\n<link rel=\"canonical\" href=\"https:\/\/shop.clearygroup.it\/es\/producto\/io-bucato-detersivo\/\" \/>\n<meta property=\"og:locale\" content=\"es_ES\" \/>\n<meta property=\"og:type\" content=\"article\" \/>\n<meta property=\"og:title\" content=\"Io Bucato detersivo | Cleary Group | Cleaning Solution\" \/>\n<meta property=\"og:description\" content=\"Jab\u00f3n l\u00edquido para lavar a mano y lavadora perfume cl\u00e1sico\/marsella\/ talco. Adecuado para lavar todas las telas (blanco y colorido). A mano y en la lavadora. Excelentes resultados en las manchas m\u00e1s dif\u00edciles. Adecuado para uso dom\u00e9stico (hogar, etc.) y profesional (lavander\u00edas, etc.)\" \/>\n<meta property=\"og:url\" content=\"https:\/\/shop.clearygroup.it\/es\/producto\/io-bucato-detersivo\/\" \/>\n<meta property=\"og:site_name\" content=\"Cleary Group | Cleaning Solution\" \/>\n<meta property=\"article:publisher\" content=\"https:\/\/www.facebook.com\/Cleary.Group\/\" \/>\n<meta property=\"article:modified_time\" content=\"2023-04-03T13:24:53+00:00\" \/>\n<meta property=\"og:image\" content=\"https:\/\/shop.clearygroup.it\/wp-content\/uploads\/2023\/03\/io-bucato-detersivo-classico.png\" \/>\n\t<meta property=\"og:image:width\" content=\"790\" \/>\n\t<meta property=\"og:image:height\" content=\"1100\" \/>\n\t<meta property=\"og:image:type\" content=\"image\/png\" \/>\n<meta name=\"twitter:card\" content=\"summary_large_image\" \/>\n<script type=\"application\/ld+json\" class=\"yoast-schema-graph\">{\"@context\":\"https:\/\/schema.org\",\"@graph\":[{\"@type\":\"WebPage\",\"@id\":\"https:\/\/shop.clearygroup.it\/es\/producto\/io-bucato-detersivo\/\",\"url\":\"https:\/\/shop.clearygroup.it\/es\/producto\/io-bucato-detersivo\/\",\"name\":\"Io Bucato detersivo | Cleary Group | Cleaning Solution\",\"isPartOf\":{\"@id\":\"https:\/\/shop.clearygroup.it\/#website\"},\"datePublished\":\"2023-03-03T15:16:40+00:00\",\"dateModified\":\"2023-04-03T13:24:53+00:00\",\"breadcrumb\":{\"@id\":\"https:\/\/shop.clearygroup.it\/es\/producto\/io-bucato-detersivo\/#breadcrumb\"},\"inLanguage\":\"es\",\"potentialAction\":[{\"@type\":\"ReadAction\",\"target\":[\"https:\/\/shop.clearygroup.it\/es\/producto\/io-bucato-detersivo\/\"]}]},{\"@type\":\"BreadcrumbList\",\"@id\":\"https:\/\/shop.clearygroup.it\/es\/producto\/io-bucato-detersivo\/#breadcrumb\",\"itemListElement\":[{\"@type\":\"ListItem\",\"position\":1,\"name\":\"Home\",\"item\":\"https:\/\/shop.clearygroup.it\/es\/home\/\"},{\"@type\":\"ListItem\",\"position\":2,\"name\":\"Shop\",\"item\":\"https:\/\/shop.clearygroup.it\/es\/negozio\/\"},{\"@type\":\"ListItem\",\"position\":3,\"name\":\"Io Bucato detersivo\"}]},{\"@type\":\"WebSite\",\"@id\":\"https:\/\/shop.clearygroup.it\/#website\",\"url\":\"https:\/\/shop.clearygroup.it\/\",\"name\":\"Cleary Group | Cleaning Solution\",\"description\":\"Soluzioni per un pulito universale\",\"publisher\":{\"@id\":\"https:\/\/shop.clearygroup.it\/#organization\"},\"potentialAction\":[{\"@type\":\"SearchAction\",\"target\":{\"@type\":\"EntryPoint\",\"urlTemplate\":\"https:\/\/shop.clearygroup.it\/?s={search_term_string}\"},\"query-input\":\"required name=search_term_string\"}],\"inLanguage\":\"es\"},{\"@type\":\"Organization\",\"@id\":\"https:\/\/shop.clearygroup.it\/#organization\",\"name\":\"Cleary Group\",\"alternateName\":\"Cleary Group\",\"url\":\"https:\/\/shop.clearygroup.it\/\",\"logo\":{\"@type\":\"ImageObject\",\"inLanguage\":\"es\",\"@id\":\"https:\/\/shop.clearygroup.it\/#\/schema\/logo\/image\/\",\"url\":\"https:\/\/shop.clearygroup.it\/wp-content\/uploads\/2023\/01\/logo_clearygroup.svg\",\"contentUrl\":\"https:\/\/shop.clearygroup.it\/wp-content\/uploads\/2023\/01\/logo_clearygroup.svg\",\"width\":233,\"height\":93,\"caption\":\"Cleary Group\"},\"image\":{\"@id\":\"https:\/\/shop.clearygroup.it\/#\/schema\/logo\/image\/\"},\"sameAs\":[\"https:\/\/www.facebook.com\/Cleary.Group\/\",\"https:\/\/shop.clearygroup.it\/cleary-group\/#\",\"https:\/\/it.linkedin.com\/company\/cleary-group---s.r.l.\"]}]}<\/script>\n<!-- \/ Yoast SEO plugin. -->","yoast_head_json":{"title":"Io Bucato detersivo | Cleary Group | Cleaning Solution","robots":{"index":"index","follow":"follow","max-snippet":"max-snippet:-1","max-image-preview":"max-image-preview:large","max-video-preview":"max-video-preview:-1"},"canonical":"https:\/\/shop.clearygroup.it\/es\/producto\/io-bucato-detersivo\/","og_locale":"es_ES","og_type":"article","og_title":"Io Bucato detersivo | Cleary Group | Cleaning Solution","og_description":"Jab\u00f3n l\u00edquido para lavar a mano y lavadora perfume cl\u00e1sico\/marsella\/ talco. Adecuado para lavar todas las telas (blanco y colorido). A mano y en la lavadora. Excelentes resultados en las manchas m\u00e1s dif\u00edciles. Adecuado para uso dom\u00e9stico (hogar, etc.) y profesional (lavander\u00edas, etc.)","og_url":"https:\/\/shop.clearygroup.it\/es\/producto\/io-bucato-detersivo\/","og_site_name":"Cleary Group | Cleaning Solution","article_publisher":"https:\/\/www.facebook.com\/Cleary.Group\/","article_modified_time":"2023-04-03T13:24:53+00:00","og_image":[{"width":790,"height":1100,"url":"https:\/\/shop.clearygroup.it\/wp-content\/uploads\/2023\/03\/io-bucato-detersivo-classico.png","type":"image\/png"}],"twitter_card":"summary_large_image","schema":{"@context":"https:\/\/schema.org","@graph":[{"@type":"WebPage","@id":"https:\/\/shop.clearygroup.it\/es\/producto\/io-bucato-detersivo\/","url":"https:\/\/shop.clearygroup.it\/es\/producto\/io-bucato-detersivo\/","name":"Io Bucato detersivo | Cleary Group | Cleaning Solution","isPartOf":{"@id":"https:\/\/shop.clearygroup.it\/#website"},"datePublished":"2023-03-03T15:16:40+00:00","dateModified":"2023-04-03T13:24:53+00:00","breadcrumb":{"@id":"https:\/\/shop.clearygroup.it\/es\/producto\/io-bucato-detersivo\/#breadcrumb"},"inLanguage":"es","potentialAction":[{"@type":"ReadAction","target":["https:\/\/shop.clearygroup.it\/es\/producto\/io-bucato-detersivo\/"]}]},{"@type":"BreadcrumbList","@id":"https:\/\/shop.clearygroup.it\/es\/producto\/io-bucato-detersivo\/#breadcrumb","itemListElement":[{"@type":"ListItem","position":1,"name":"Home","item":"https:\/\/shop.clearygroup.it\/es\/home\/"},{"@type":"ListItem","position":2,"name":"Shop","item":"https:\/\/shop.clearygroup.it\/es\/negozio\/"},{"@type":"ListItem","position":3,"name":"Io Bucato detersivo"}]},{"@type":"WebSite","@id":"https:\/\/shop.clearygroup.it\/#website","url":"https:\/\/shop.clearygroup.it\/","name":"Cleary Group | Cleaning Solution","description":"Soluzioni per un pulito universale","publisher":{"@id":"https:\/\/shop.clearygroup.it\/#organization"},"potentialAction":[{"@type":"SearchAction","target":{"@type":"EntryPoint","urlTemplate":"https:\/\/shop.clearygroup.it\/?s={search_term_string}"},"query-input":"required name=search_term_string"}],"inLanguage":"es"},{"@type":"Organization","@id":"https:\/\/shop.clearygroup.it\/#organization","name":"Cleary Group","alternateName":"Cleary Group","url":"https:\/\/shop.clearygroup.it\/","logo":{"@type":"ImageObject","inLanguage":"es","@id":"https:\/\/shop.clearygroup.it\/#\/schema\/logo\/image\/","url":"https:\/\/shop.clearygroup.it\/wp-content\/uploads\/2023\/01\/logo_clearygroup.svg","contentUrl":"https:\/\/shop.clearygroup.it\/wp-content\/uploads\/2023\/01\/logo_clearygroup.svg","width":233,"height":93,"caption":"Cleary Group"},"image":{"@id":"https:\/\/shop.clearygroup.it\/#\/schema\/logo\/image\/"},"sameAs":["https:\/\/www.facebook.com\/Cleary.Group\/","https:\/\/shop.clearygroup.it\/cleary-group\/#","https:\/\/it.linkedin.com\/company\/cleary-group---s.r.l."]}]}},"brands":[{"id":95,"name":"Io, il pulito originale","slug":"io-il-pulito-originale-es"}],"_links":{"self":[{"href":"https:\/\/shop.clearygroup.it\/es\/wp-json\/wp\/v2\/product\/1316","targetHints":{"allow":["GET"]}}],"collection":[{"href":"https:\/\/shop.clearygroup.it\/es\/wp-json\/wp\/v2\/product"}],"about":[{"href":"https:\/\/shop.clearygroup.it\/es\/wp-json\/wp\/v2\/types\/product"}],"wp:featuredmedia":[{"embeddable":true,"href":"https:\/\/shop.clearygroup.it\/es\/wp-json\/wp\/v2\/media\/1078"}],"wp:attachment":[{"href":"https:\/\/shop.clearygroup.it\/es\/wp-json\/wp\/v2\/media?parent=1316"}],"wp:term":[{"taxonomy":"pwb-brand","embeddable":true,"href":"https:\/\/shop.clearygroup.it\/es\/wp-json\/wp\/v2\/pwb-brand?post=1316"},{"taxonomy":"product_cat","embeddable":true,"href":"https:\/\/shop.clearygroup.it\/es\/wp-json\/wp\/v2\/product_cat?post=1316"},{"taxonomy":"product_tag","embeddable":true,"href":"https:\/\/shop.clearygroup.it\/es\/wp-json\/wp\/v2\/product_tag?post=1316"}],"curies":[{"name":"wp","href":"https:\/\/api.w.org\/{rel}","templated":true}]}}