{"id":1356,"date":"2023-03-02T12:28:20","date_gmt":"2023-03-02T11:28:20","guid":{"rendered":"https:\/\/shop.clearygroup.it\/prodotto\/io-sgrasso-sgrassa-tutto-ecodetergente\/"},"modified":"2023-04-03T15:18:14","modified_gmt":"2023-04-03T13:18:14","slug":"io-sgrasso-sgrassa-tutto-ecodetergente","status":"publish","type":"product","link":"https:\/\/shop.clearygroup.it\/es\/producto\/io-sgrasso-sgrassa-tutto-ecodetergente\/","title":{"rendered":"Io Sgrasso sgrassa tutto ecodetergente"},"content":{"rendered":"","protected":false},"excerpt":{"rendered":"<p>El cl\u00e1sico IO SGRASSO encuentra su variante ecol\u00f3gica. Un limpiador ecol\u00f3gico de bajo impacto ambiental, formulado con tensioactivos de origen vegetal de alta eficacia de limpieza. Perfecto para la limpieza dom\u00e9stica de superficies como vidrios, ventanas, cristales, muebles laminados y pl\u00e1sticos. Brillo y limpieza en todos los ambientes. Botella especial obtenida de material reciclado.<\/p>\n","protected":false},"featured_media":994,"template":"","meta":{"inline_featured_image":false},"pwb-brand":[95],"product_cat":[111],"product_tag":[],"class_list":["post-1356","product","type-product","status-publish","has-post-thumbnail","hentry","pwb-brand-io-il-pulito-originale-es","product_cat-ecodetergente-multiuso","pa_adatto-per-acero","pa_adatto-per-ceramica-es","pa_adatto-per-tejido","pa_formato-625-ml-es","pa_linea-io-es"],"acf":[],"yoast_head":"<!-- This site is optimized with the Yoast SEO plugin v20.7 - https:\/\/yoast.com\/wordpress\/plugins\/seo\/ -->\n<title>Io Sgrasso sgrassa tutto ecodetergente | Cleary Group | Cleaning Solution<\/title>\n<meta name=\"robots\" content=\"index, follow, max-snippet:-1, max-image-preview:large, max-video-preview:-1\" \/>\n<link rel=\"canonical\" href=\"https:\/\/shop.clearygroup.it\/es\/producto\/io-sgrasso-sgrassa-tutto-ecodetergente\/\" \/>\n<meta property=\"og:locale\" content=\"es_ES\" \/>\n<meta property=\"og:type\" content=\"article\" \/>\n<meta property=\"og:title\" content=\"Io Sgrasso sgrassa tutto ecodetergente | Cleary Group | Cleaning Solution\" \/>\n<meta property=\"og:description\" content=\"El cl\u00e1sico IO SGRASSO encuentra su variante ecol\u00f3gica. Un limpiador ecol\u00f3gico de bajo impacto ambiental, formulado con tensioactivos de origen vegetal de alta eficacia de limpieza. Perfecto para la limpieza dom\u00e9stica de superficies como vidrios, ventanas, cristales, muebles laminados y pl\u00e1sticos. Brillo y limpieza en todos los ambientes. Botella especial obtenida de material reciclado.\" \/>\n<meta property=\"og:url\" content=\"https:\/\/shop.clearygroup.it\/es\/producto\/io-sgrasso-sgrassa-tutto-ecodetergente\/\" \/>\n<meta property=\"og:site_name\" content=\"Cleary Group | Cleaning Solution\" \/>\n<meta property=\"article:publisher\" content=\"https:\/\/www.facebook.com\/Cleary.Group\/\" \/>\n<meta property=\"article:modified_time\" content=\"2023-04-03T13:18:14+00:00\" \/>\n<meta property=\"og:image\" content=\"https:\/\/shop.clearygroup.it\/wp-content\/uploads\/2023\/03\/iosgrasso-sgrassa-tutto-ecodetergente.png\" \/>\n\t<meta property=\"og:image:width\" content=\"790\" \/>\n\t<meta property=\"og:image:height\" content=\"1100\" \/>\n\t<meta property=\"og:image:type\" content=\"image\/png\" \/>\n<meta name=\"twitter:card\" content=\"summary_large_image\" \/>\n<script type=\"application\/ld+json\" class=\"yoast-schema-graph\">{\"@context\":\"https:\/\/schema.org\",\"@graph\":[{\"@type\":\"WebPage\",\"@id\":\"https:\/\/shop.clearygroup.it\/es\/producto\/io-sgrasso-sgrassa-tutto-ecodetergente\/\",\"url\":\"https:\/\/shop.clearygroup.it\/es\/producto\/io-sgrasso-sgrassa-tutto-ecodetergente\/\",\"name\":\"Io Sgrasso sgrassa tutto ecodetergente | Cleary Group | Cleaning Solution\",\"isPartOf\":{\"@id\":\"https:\/\/shop.clearygroup.it\/#website\"},\"datePublished\":\"2023-03-02T11:28:20+00:00\",\"dateModified\":\"2023-04-03T13:18:14+00:00\",\"breadcrumb\":{\"@id\":\"https:\/\/shop.clearygroup.it\/es\/producto\/io-sgrasso-sgrassa-tutto-ecodetergente\/#breadcrumb\"},\"inLanguage\":\"es\",\"potentialAction\":[{\"@type\":\"ReadAction\",\"target\":[\"https:\/\/shop.clearygroup.it\/es\/producto\/io-sgrasso-sgrassa-tutto-ecodetergente\/\"]}]},{\"@type\":\"BreadcrumbList\",\"@id\":\"https:\/\/shop.clearygroup.it\/es\/producto\/io-sgrasso-sgrassa-tutto-ecodetergente\/#breadcrumb\",\"itemListElement\":[{\"@type\":\"ListItem\",\"position\":1,\"name\":\"Home\",\"item\":\"https:\/\/shop.clearygroup.it\/es\/home\/\"},{\"@type\":\"ListItem\",\"position\":2,\"name\":\"Shop\",\"item\":\"https:\/\/shop.clearygroup.it\/es\/negozio\/\"},{\"@type\":\"ListItem\",\"position\":3,\"name\":\"Io Sgrasso sgrassa tutto ecodetergente\"}]},{\"@type\":\"WebSite\",\"@id\":\"https:\/\/shop.clearygroup.it\/#website\",\"url\":\"https:\/\/shop.clearygroup.it\/\",\"name\":\"Cleary Group | Cleaning Solution\",\"description\":\"Soluzioni per un pulito universale\",\"publisher\":{\"@id\":\"https:\/\/shop.clearygroup.it\/#organization\"},\"potentialAction\":[{\"@type\":\"SearchAction\",\"target\":{\"@type\":\"EntryPoint\",\"urlTemplate\":\"https:\/\/shop.clearygroup.it\/?s={search_term_string}\"},\"query-input\":\"required name=search_term_string\"}],\"inLanguage\":\"es\"},{\"@type\":\"Organization\",\"@id\":\"https:\/\/shop.clearygroup.it\/#organization\",\"name\":\"Cleary Group\",\"alternateName\":\"Cleary Group\",\"url\":\"https:\/\/shop.clearygroup.it\/\",\"logo\":{\"@type\":\"ImageObject\",\"inLanguage\":\"es\",\"@id\":\"https:\/\/shop.clearygroup.it\/#\/schema\/logo\/image\/\",\"url\":\"https:\/\/shop.clearygroup.it\/wp-content\/uploads\/2023\/01\/logo_clearygroup.svg\",\"contentUrl\":\"https:\/\/shop.clearygroup.it\/wp-content\/uploads\/2023\/01\/logo_clearygroup.svg\",\"width\":233,\"height\":93,\"caption\":\"Cleary Group\"},\"image\":{\"@id\":\"https:\/\/shop.clearygroup.it\/#\/schema\/logo\/image\/\"},\"sameAs\":[\"https:\/\/www.facebook.com\/Cleary.Group\/\",\"https:\/\/shop.clearygroup.it\/cleary-group\/#\",\"https:\/\/it.linkedin.com\/company\/cleary-group---s.r.l.\"]}]}<\/script>\n<!-- \/ Yoast SEO plugin. -->","yoast_head_json":{"title":"Io Sgrasso sgrassa tutto ecodetergente | Cleary Group | Cleaning Solution","robots":{"index":"index","follow":"follow","max-snippet":"max-snippet:-1","max-image-preview":"max-image-preview:large","max-video-preview":"max-video-preview:-1"},"canonical":"https:\/\/shop.clearygroup.it\/es\/producto\/io-sgrasso-sgrassa-tutto-ecodetergente\/","og_locale":"es_ES","og_type":"article","og_title":"Io Sgrasso sgrassa tutto ecodetergente | Cleary Group | Cleaning Solution","og_description":"El cl\u00e1sico IO SGRASSO encuentra su variante ecol\u00f3gica. Un limpiador ecol\u00f3gico de bajo impacto ambiental, formulado con tensioactivos de origen vegetal de alta eficacia de limpieza. Perfecto para la limpieza dom\u00e9stica de superficies como vidrios, ventanas, cristales, muebles laminados y pl\u00e1sticos. Brillo y limpieza en todos los ambientes. Botella especial obtenida de material reciclado.","og_url":"https:\/\/shop.clearygroup.it\/es\/producto\/io-sgrasso-sgrassa-tutto-ecodetergente\/","og_site_name":"Cleary Group | Cleaning Solution","article_publisher":"https:\/\/www.facebook.com\/Cleary.Group\/","article_modified_time":"2023-04-03T13:18:14+00:00","og_image":[{"width":790,"height":1100,"url":"https:\/\/shop.clearygroup.it\/wp-content\/uploads\/2023\/03\/iosgrasso-sgrassa-tutto-ecodetergente.png","type":"image\/png"}],"twitter_card":"summary_large_image","schema":{"@context":"https:\/\/schema.org","@graph":[{"@type":"WebPage","@id":"https:\/\/shop.clearygroup.it\/es\/producto\/io-sgrasso-sgrassa-tutto-ecodetergente\/","url":"https:\/\/shop.clearygroup.it\/es\/producto\/io-sgrasso-sgrassa-tutto-ecodetergente\/","name":"Io Sgrasso sgrassa tutto ecodetergente | Cleary Group | Cleaning Solution","isPartOf":{"@id":"https:\/\/shop.clearygroup.it\/#website"},"datePublished":"2023-03-02T11:28:20+00:00","dateModified":"2023-04-03T13:18:14+00:00","breadcrumb":{"@id":"https:\/\/shop.clearygroup.it\/es\/producto\/io-sgrasso-sgrassa-tutto-ecodetergente\/#breadcrumb"},"inLanguage":"es","potentialAction":[{"@type":"ReadAction","target":["https:\/\/shop.clearygroup.it\/es\/producto\/io-sgrasso-sgrassa-tutto-ecodetergente\/"]}]},{"@type":"BreadcrumbList","@id":"https:\/\/shop.clearygroup.it\/es\/producto\/io-sgrasso-sgrassa-tutto-ecodetergente\/#breadcrumb","itemListElement":[{"@type":"ListItem","position":1,"name":"Home","item":"https:\/\/shop.clearygroup.it\/es\/home\/"},{"@type":"ListItem","position":2,"name":"Shop","item":"https:\/\/shop.clearygroup.it\/es\/negozio\/"},{"@type":"ListItem","position":3,"name":"Io Sgrasso sgrassa tutto ecodetergente"}]},{"@type":"WebSite","@id":"https:\/\/shop.clearygroup.it\/#website","url":"https:\/\/shop.clearygroup.it\/","name":"Cleary Group | Cleaning Solution","description":"Soluzioni per un pulito universale","publisher":{"@id":"https:\/\/shop.clearygroup.it\/#organization"},"potentialAction":[{"@type":"SearchAction","target":{"@type":"EntryPoint","urlTemplate":"https:\/\/shop.clearygroup.it\/?s={search_term_string}"},"query-input":"required name=search_term_string"}],"inLanguage":"es"},{"@type":"Organization","@id":"https:\/\/shop.clearygroup.it\/#organization","name":"Cleary Group","alternateName":"Cleary Group","url":"https:\/\/shop.clearygroup.it\/","logo":{"@type":"ImageObject","inLanguage":"es","@id":"https:\/\/shop.clearygroup.it\/#\/schema\/logo\/image\/","url":"https:\/\/shop.clearygroup.it\/wp-content\/uploads\/2023\/01\/logo_clearygroup.svg","contentUrl":"https:\/\/shop.clearygroup.it\/wp-content\/uploads\/2023\/01\/logo_clearygroup.svg","width":233,"height":93,"caption":"Cleary Group"},"image":{"@id":"https:\/\/shop.clearygroup.it\/#\/schema\/logo\/image\/"},"sameAs":["https:\/\/www.facebook.com\/Cleary.Group\/","https:\/\/shop.clearygroup.it\/cleary-group\/#","https:\/\/it.linkedin.com\/company\/cleary-group---s.r.l."]}]}},"brands":[{"id":95,"name":"Io, il pulito originale","slug":"io-il-pulito-originale-es"}],"_links":{"self":[{"href":"https:\/\/shop.clearygroup.it\/es\/wp-json\/wp\/v2\/product\/1356","targetHints":{"allow":["GET"]}}],"collection":[{"href":"https:\/\/shop.clearygroup.it\/es\/wp-json\/wp\/v2\/product"}],"about":[{"href":"https:\/\/shop.clearygroup.it\/es\/wp-json\/wp\/v2\/types\/product"}],"wp:featuredmedia":[{"embeddable":true,"href":"https:\/\/shop.clearygroup.it\/es\/wp-json\/wp\/v2\/media\/994"}],"wp:attachment":[{"href":"https:\/\/shop.clearygroup.it\/es\/wp-json\/wp\/v2\/media?parent=1356"}],"wp:term":[{"taxonomy":"pwb-brand","embeddable":true,"href":"https:\/\/shop.clearygroup.it\/es\/wp-json\/wp\/v2\/pwb-brand?post=1356"},{"taxonomy":"product_cat","embeddable":true,"href":"https:\/\/shop.clearygroup.it\/es\/wp-json\/wp\/v2\/product_cat?post=1356"},{"taxonomy":"product_tag","embeddable":true,"href":"https:\/\/shop.clearygroup.it\/es\/wp-json\/wp\/v2\/product_tag?post=1356"}],"curies":[{"name":"wp","href":"https:\/\/api.w.org\/{rel}","templated":true}]}}