{"id":1388,"date":"2023-03-01T17:16:27","date_gmt":"2023-03-01T16:16:27","guid":{"rendered":"https:\/\/shop.clearygroup.it\/prodotto\/io-sgrasso-motori-fai-da-te\/"},"modified":"2023-04-03T15:06:31","modified_gmt":"2023-04-03T13:06:31","slug":"io-sgrasso-motori-fai-da-te","status":"publish","type":"product","link":"https:\/\/shop.clearygroup.it\/es\/producto\/io-sgrasso-motori-fai-da-te\/","title":{"rendered":"Io Sgrasso motori &#038; fai da te"},"content":{"rendered":"","protected":false},"excerpt":{"rendered":"<p>Limpiador desengrasante perfecto para superficies duras. Su f\u00f3rmula mejorada y de alta concentraci\u00f3n elimina la suciedad persistente y m\u00e1s dura. Se puede utilizar para limpiar m\u00faltiples superficies, incluyendo encimeras, piezas mec\u00e1nicas, engranajes, llantas y m\u00e1s.<\/p>\n","protected":false},"featured_media":0,"template":"","meta":{"inline_featured_image":false},"pwb-brand":[95],"product_cat":[115],"product_tag":[],"class_list":["post-1388","product","type-product","status-publish","hentry","pwb-brand-io-il-pulito-originale-es","product_cat-desengrasante","pa_adatto-per-acero","pa_formato-500-ml-es","pa_linea-io-es"],"acf":[],"yoast_head":"<!-- This site is optimized with the Yoast SEO plugin v20.7 - https:\/\/yoast.com\/wordpress\/plugins\/seo\/ -->\n<title>Io Sgrasso motori &amp; fai da te | Cleary Group | Cleaning Solution<\/title>\n<meta name=\"robots\" content=\"index, follow, max-snippet:-1, max-image-preview:large, max-video-preview:-1\" \/>\n<link rel=\"canonical\" href=\"https:\/\/shop.clearygroup.it\/es\/producto\/io-sgrasso-motori-fai-da-te\/\" \/>\n<meta property=\"og:locale\" content=\"es_ES\" \/>\n<meta property=\"og:type\" content=\"article\" \/>\n<meta property=\"og:title\" content=\"Io Sgrasso motori &amp; fai da te | Cleary Group | Cleaning Solution\" \/>\n<meta property=\"og:description\" content=\"Limpiador desengrasante perfecto para superficies duras. Su f\u00f3rmula mejorada y de alta concentraci\u00f3n elimina la suciedad persistente y m\u00e1s dura. Se puede utilizar para limpiar m\u00faltiples superficies, incluyendo encimeras, piezas mec\u00e1nicas, engranajes, llantas y m\u00e1s.\" \/>\n<meta property=\"og:url\" content=\"https:\/\/shop.clearygroup.it\/es\/producto\/io-sgrasso-motori-fai-da-te\/\" \/>\n<meta property=\"og:site_name\" content=\"Cleary Group | Cleaning Solution\" \/>\n<meta property=\"article:publisher\" content=\"https:\/\/www.facebook.com\/Cleary.Group\/\" \/>\n<meta property=\"article:modified_time\" content=\"2023-04-03T13:06:31+00:00\" \/>\n<meta property=\"og:image\" content=\"https:\/\/shop.clearygroup.it\/wp-content\/uploads\/2023\/03\/header_home_mobile_2023.jpg\" \/>\n\t<meta property=\"og:image:width\" content=\"1440\" \/>\n\t<meta property=\"og:image:height\" content=\"782\" \/>\n\t<meta property=\"og:image:type\" content=\"image\/jpeg\" \/>\n<meta name=\"twitter:card\" content=\"summary_large_image\" \/>\n<script type=\"application\/ld+json\" class=\"yoast-schema-graph\">{\"@context\":\"https:\/\/schema.org\",\"@graph\":[{\"@type\":\"WebPage\",\"@id\":\"https:\/\/shop.clearygroup.it\/es\/producto\/io-sgrasso-motori-fai-da-te\/\",\"url\":\"https:\/\/shop.clearygroup.it\/es\/producto\/io-sgrasso-motori-fai-da-te\/\",\"name\":\"Io Sgrasso motori & fai da te | Cleary Group | Cleaning Solution\",\"isPartOf\":{\"@id\":\"https:\/\/shop.clearygroup.it\/#website\"},\"datePublished\":\"2023-03-01T16:16:27+00:00\",\"dateModified\":\"2023-04-03T13:06:31+00:00\",\"breadcrumb\":{\"@id\":\"https:\/\/shop.clearygroup.it\/es\/producto\/io-sgrasso-motori-fai-da-te\/#breadcrumb\"},\"inLanguage\":\"es\",\"potentialAction\":[{\"@type\":\"ReadAction\",\"target\":[\"https:\/\/shop.clearygroup.it\/es\/producto\/io-sgrasso-motori-fai-da-te\/\"]}]},{\"@type\":\"BreadcrumbList\",\"@id\":\"https:\/\/shop.clearygroup.it\/es\/producto\/io-sgrasso-motori-fai-da-te\/#breadcrumb\",\"itemListElement\":[{\"@type\":\"ListItem\",\"position\":1,\"name\":\"Home\",\"item\":\"https:\/\/shop.clearygroup.it\/es\/home\/\"},{\"@type\":\"ListItem\",\"position\":2,\"name\":\"Shop\",\"item\":\"https:\/\/shop.clearygroup.it\/es\/negozio\/\"},{\"@type\":\"ListItem\",\"position\":3,\"name\":\"Io Sgrasso motori &#038; fai da te\"}]},{\"@type\":\"WebSite\",\"@id\":\"https:\/\/shop.clearygroup.it\/#website\",\"url\":\"https:\/\/shop.clearygroup.it\/\",\"name\":\"Cleary Group | Cleaning Solution\",\"description\":\"Soluzioni per un pulito universale\",\"publisher\":{\"@id\":\"https:\/\/shop.clearygroup.it\/#organization\"},\"potentialAction\":[{\"@type\":\"SearchAction\",\"target\":{\"@type\":\"EntryPoint\",\"urlTemplate\":\"https:\/\/shop.clearygroup.it\/?s={search_term_string}\"},\"query-input\":\"required name=search_term_string\"}],\"inLanguage\":\"es\"},{\"@type\":\"Organization\",\"@id\":\"https:\/\/shop.clearygroup.it\/#organization\",\"name\":\"Cleary Group\",\"alternateName\":\"Cleary Group\",\"url\":\"https:\/\/shop.clearygroup.it\/\",\"logo\":{\"@type\":\"ImageObject\",\"inLanguage\":\"es\",\"@id\":\"https:\/\/shop.clearygroup.it\/#\/schema\/logo\/image\/\",\"url\":\"https:\/\/shop.clearygroup.it\/wp-content\/uploads\/2023\/01\/logo_clearygroup.svg\",\"contentUrl\":\"https:\/\/shop.clearygroup.it\/wp-content\/uploads\/2023\/01\/logo_clearygroup.svg\",\"width\":233,\"height\":93,\"caption\":\"Cleary Group\"},\"image\":{\"@id\":\"https:\/\/shop.clearygroup.it\/#\/schema\/logo\/image\/\"},\"sameAs\":[\"https:\/\/www.facebook.com\/Cleary.Group\/\",\"https:\/\/shop.clearygroup.it\/cleary-group\/#\",\"https:\/\/it.linkedin.com\/company\/cleary-group---s.r.l.\"]}]}<\/script>\n<!-- \/ Yoast SEO plugin. -->","yoast_head_json":{"title":"Io Sgrasso motori & fai da te | Cleary Group | Cleaning Solution","robots":{"index":"index","follow":"follow","max-snippet":"max-snippet:-1","max-image-preview":"max-image-preview:large","max-video-preview":"max-video-preview:-1"},"canonical":"https:\/\/shop.clearygroup.it\/es\/producto\/io-sgrasso-motori-fai-da-te\/","og_locale":"es_ES","og_type":"article","og_title":"Io Sgrasso motori & fai da te | Cleary Group | Cleaning Solution","og_description":"Limpiador desengrasante perfecto para superficies duras. Su f\u00f3rmula mejorada y de alta concentraci\u00f3n elimina la suciedad persistente y m\u00e1s dura. Se puede utilizar para limpiar m\u00faltiples superficies, incluyendo encimeras, piezas mec\u00e1nicas, engranajes, llantas y m\u00e1s.","og_url":"https:\/\/shop.clearygroup.it\/es\/producto\/io-sgrasso-motori-fai-da-te\/","og_site_name":"Cleary Group | Cleaning Solution","article_publisher":"https:\/\/www.facebook.com\/Cleary.Group\/","article_modified_time":"2023-04-03T13:06:31+00:00","og_image":[{"width":1440,"height":782,"url":"https:\/\/shop.clearygroup.it\/wp-content\/uploads\/2023\/03\/header_home_mobile_2023.jpg","type":"image\/jpeg"}],"twitter_card":"summary_large_image","schema":{"@context":"https:\/\/schema.org","@graph":[{"@type":"WebPage","@id":"https:\/\/shop.clearygroup.it\/es\/producto\/io-sgrasso-motori-fai-da-te\/","url":"https:\/\/shop.clearygroup.it\/es\/producto\/io-sgrasso-motori-fai-da-te\/","name":"Io Sgrasso motori & fai da te | Cleary Group | Cleaning Solution","isPartOf":{"@id":"https:\/\/shop.clearygroup.it\/#website"},"datePublished":"2023-03-01T16:16:27+00:00","dateModified":"2023-04-03T13:06:31+00:00","breadcrumb":{"@id":"https:\/\/shop.clearygroup.it\/es\/producto\/io-sgrasso-motori-fai-da-te\/#breadcrumb"},"inLanguage":"es","potentialAction":[{"@type":"ReadAction","target":["https:\/\/shop.clearygroup.it\/es\/producto\/io-sgrasso-motori-fai-da-te\/"]}]},{"@type":"BreadcrumbList","@id":"https:\/\/shop.clearygroup.it\/es\/producto\/io-sgrasso-motori-fai-da-te\/#breadcrumb","itemListElement":[{"@type":"ListItem","position":1,"name":"Home","item":"https:\/\/shop.clearygroup.it\/es\/home\/"},{"@type":"ListItem","position":2,"name":"Shop","item":"https:\/\/shop.clearygroup.it\/es\/negozio\/"},{"@type":"ListItem","position":3,"name":"Io Sgrasso motori &#038; fai da te"}]},{"@type":"WebSite","@id":"https:\/\/shop.clearygroup.it\/#website","url":"https:\/\/shop.clearygroup.it\/","name":"Cleary Group | Cleaning Solution","description":"Soluzioni per un pulito universale","publisher":{"@id":"https:\/\/shop.clearygroup.it\/#organization"},"potentialAction":[{"@type":"SearchAction","target":{"@type":"EntryPoint","urlTemplate":"https:\/\/shop.clearygroup.it\/?s={search_term_string}"},"query-input":"required name=search_term_string"}],"inLanguage":"es"},{"@type":"Organization","@id":"https:\/\/shop.clearygroup.it\/#organization","name":"Cleary Group","alternateName":"Cleary Group","url":"https:\/\/shop.clearygroup.it\/","logo":{"@type":"ImageObject","inLanguage":"es","@id":"https:\/\/shop.clearygroup.it\/#\/schema\/logo\/image\/","url":"https:\/\/shop.clearygroup.it\/wp-content\/uploads\/2023\/01\/logo_clearygroup.svg","contentUrl":"https:\/\/shop.clearygroup.it\/wp-content\/uploads\/2023\/01\/logo_clearygroup.svg","width":233,"height":93,"caption":"Cleary Group"},"image":{"@id":"https:\/\/shop.clearygroup.it\/#\/schema\/logo\/image\/"},"sameAs":["https:\/\/www.facebook.com\/Cleary.Group\/","https:\/\/shop.clearygroup.it\/cleary-group\/#","https:\/\/it.linkedin.com\/company\/cleary-group---s.r.l."]}]}},"brands":[{"id":95,"name":"Io, il pulito originale","slug":"io-il-pulito-originale-es"}],"_links":{"self":[{"href":"https:\/\/shop.clearygroup.it\/es\/wp-json\/wp\/v2\/product\/1388","targetHints":{"allow":["GET"]}}],"collection":[{"href":"https:\/\/shop.clearygroup.it\/es\/wp-json\/wp\/v2\/product"}],"about":[{"href":"https:\/\/shop.clearygroup.it\/es\/wp-json\/wp\/v2\/types\/product"}],"wp:attachment":[{"href":"https:\/\/shop.clearygroup.it\/es\/wp-json\/wp\/v2\/media?parent=1388"}],"wp:term":[{"taxonomy":"pwb-brand","embeddable":true,"href":"https:\/\/shop.clearygroup.it\/es\/wp-json\/wp\/v2\/pwb-brand?post=1388"},{"taxonomy":"product_cat","embeddable":true,"href":"https:\/\/shop.clearygroup.it\/es\/wp-json\/wp\/v2\/product_cat?post=1388"},{"taxonomy":"product_tag","embeddable":true,"href":"https:\/\/shop.clearygroup.it\/es\/wp-json\/wp\/v2\/product_tag?post=1388"}],"curies":[{"name":"wp","href":"https:\/\/api.w.org\/{rel}","templated":true}]}}