{"id":1406,"date":"2023-02-02T16:07:19","date_gmt":"2023-02-02T15:07:19","guid":{"rendered":"https:\/\/shop.clearygroup.it\/prodotto\/io-sgrasso-sgrassatore\/"},"modified":"2023-04-03T14:58:08","modified_gmt":"2023-04-03T12:58:08","slug":"io-sgrasso-sgrassatore","status":"publish","type":"product","link":"https:\/\/shop.clearygroup.it\/es\/producto\/io-sgrasso-sgrassatore\/","title":{"rendered":"Io Sgrasso sgrassatore"},"content":{"rendered":"","protected":false},"excerpt":{"rendered":"<p>Limpia la suciedad m\u00e1s persistente. Tiene una f\u00f3rmula mejorada con surfactantes de origen vegetal, dermatol\u00f3gicamente probada para no irritar. Ideal para la limpieza de cocinas, hornos, encimeras, suelos, materiales de acero y textiles.<\/p>\n","protected":false},"featured_media":955,"template":"","meta":{"inline_featured_image":false},"pwb-brand":[95],"product_cat":[117],"product_tag":[],"class_list":["post-1406","product","type-product","status-publish","has-post-thumbnail","hentry","pwb-brand-io-il-pulito-originale-es","product_cat-desengrasante-universal","pa_adatto-per-acero","pa_adatto-per-ceramica-es","pa_adatto-per-tejido","pa_formato-625-ml-es","pa_linea-io-es","pa_profumazione-lima-y-albahaca","pa_profumazione-lavanda-es","pa_profumazione-marsella"],"acf":[],"yoast_head":"<!-- This site is optimized with the Yoast SEO plugin v20.7 - https:\/\/yoast.com\/wordpress\/plugins\/seo\/ -->\n<title>Io Sgrasso sgrassatore | Cleary Group | Cleaning Solution<\/title>\n<meta name=\"robots\" content=\"index, follow, max-snippet:-1, max-image-preview:large, max-video-preview:-1\" \/>\n<link rel=\"canonical\" href=\"https:\/\/shop.clearygroup.it\/es\/producto\/io-sgrasso-sgrassatore\/\" \/>\n<meta property=\"og:locale\" content=\"es_ES\" \/>\n<meta property=\"og:type\" content=\"article\" \/>\n<meta property=\"og:title\" content=\"Io Sgrasso sgrassatore | Cleary Group | Cleaning Solution\" \/>\n<meta property=\"og:description\" content=\"Limpia la suciedad m\u00e1s persistente. Tiene una f\u00f3rmula mejorada con surfactantes de origen vegetal, dermatol\u00f3gicamente probada para no irritar. Ideal para la limpieza de cocinas, hornos, encimeras, suelos, materiales de acero y textiles.\" \/>\n<meta property=\"og:url\" content=\"https:\/\/shop.clearygroup.it\/es\/producto\/io-sgrasso-sgrassatore\/\" \/>\n<meta property=\"og:site_name\" content=\"Cleary Group | Cleaning Solution\" \/>\n<meta property=\"article:publisher\" content=\"https:\/\/www.facebook.com\/Cleary.Group\/\" \/>\n<meta property=\"article:modified_time\" content=\"2023-04-03T12:58:08+00:00\" \/>\n<meta property=\"og:image\" content=\"https:\/\/shop.clearygroup.it\/wp-content\/uploads\/2023\/02\/io-sgrasso-lime-basilico-1.png\" \/>\n\t<meta property=\"og:image:width\" content=\"790\" \/>\n\t<meta property=\"og:image:height\" content=\"1100\" \/>\n\t<meta property=\"og:image:type\" content=\"image\/png\" \/>\n<meta name=\"twitter:card\" content=\"summary_large_image\" \/>\n<script type=\"application\/ld+json\" class=\"yoast-schema-graph\">{\"@context\":\"https:\/\/schema.org\",\"@graph\":[{\"@type\":\"WebPage\",\"@id\":\"https:\/\/shop.clearygroup.it\/es\/producto\/io-sgrasso-sgrassatore\/\",\"url\":\"https:\/\/shop.clearygroup.it\/es\/producto\/io-sgrasso-sgrassatore\/\",\"name\":\"Io Sgrasso sgrassatore | Cleary Group | Cleaning Solution\",\"isPartOf\":{\"@id\":\"https:\/\/shop.clearygroup.it\/#website\"},\"datePublished\":\"2023-02-02T15:07:19+00:00\",\"dateModified\":\"2023-04-03T12:58:08+00:00\",\"breadcrumb\":{\"@id\":\"https:\/\/shop.clearygroup.it\/es\/producto\/io-sgrasso-sgrassatore\/#breadcrumb\"},\"inLanguage\":\"es\",\"potentialAction\":[{\"@type\":\"ReadAction\",\"target\":[\"https:\/\/shop.clearygroup.it\/es\/producto\/io-sgrasso-sgrassatore\/\"]}]},{\"@type\":\"BreadcrumbList\",\"@id\":\"https:\/\/shop.clearygroup.it\/es\/producto\/io-sgrasso-sgrassatore\/#breadcrumb\",\"itemListElement\":[{\"@type\":\"ListItem\",\"position\":1,\"name\":\"Home\",\"item\":\"https:\/\/shop.clearygroup.it\/es\/home\/\"},{\"@type\":\"ListItem\",\"position\":2,\"name\":\"Shop\",\"item\":\"https:\/\/shop.clearygroup.it\/es\/negozio\/\"},{\"@type\":\"ListItem\",\"position\":3,\"name\":\"Io Sgrasso sgrassatore\"}]},{\"@type\":\"WebSite\",\"@id\":\"https:\/\/shop.clearygroup.it\/#website\",\"url\":\"https:\/\/shop.clearygroup.it\/\",\"name\":\"Cleary Group | Cleaning Solution\",\"description\":\"Soluzioni per un pulito universale\",\"publisher\":{\"@id\":\"https:\/\/shop.clearygroup.it\/#organization\"},\"potentialAction\":[{\"@type\":\"SearchAction\",\"target\":{\"@type\":\"EntryPoint\",\"urlTemplate\":\"https:\/\/shop.clearygroup.it\/?s={search_term_string}\"},\"query-input\":\"required name=search_term_string\"}],\"inLanguage\":\"es\"},{\"@type\":\"Organization\",\"@id\":\"https:\/\/shop.clearygroup.it\/#organization\",\"name\":\"Cleary Group\",\"alternateName\":\"Cleary Group\",\"url\":\"https:\/\/shop.clearygroup.it\/\",\"logo\":{\"@type\":\"ImageObject\",\"inLanguage\":\"es\",\"@id\":\"https:\/\/shop.clearygroup.it\/#\/schema\/logo\/image\/\",\"url\":\"https:\/\/shop.clearygroup.it\/wp-content\/uploads\/2023\/01\/logo_clearygroup.svg\",\"contentUrl\":\"https:\/\/shop.clearygroup.it\/wp-content\/uploads\/2023\/01\/logo_clearygroup.svg\",\"width\":233,\"height\":93,\"caption\":\"Cleary Group\"},\"image\":{\"@id\":\"https:\/\/shop.clearygroup.it\/#\/schema\/logo\/image\/\"},\"sameAs\":[\"https:\/\/www.facebook.com\/Cleary.Group\/\",\"https:\/\/shop.clearygroup.it\/cleary-group\/#\",\"https:\/\/it.linkedin.com\/company\/cleary-group---s.r.l.\"]}]}<\/script>\n<!-- \/ Yoast SEO plugin. -->","yoast_head_json":{"title":"Io Sgrasso sgrassatore | Cleary Group | Cleaning Solution","robots":{"index":"index","follow":"follow","max-snippet":"max-snippet:-1","max-image-preview":"max-image-preview:large","max-video-preview":"max-video-preview:-1"},"canonical":"https:\/\/shop.clearygroup.it\/es\/producto\/io-sgrasso-sgrassatore\/","og_locale":"es_ES","og_type":"article","og_title":"Io Sgrasso sgrassatore | Cleary Group | Cleaning Solution","og_description":"Limpia la suciedad m\u00e1s persistente. Tiene una f\u00f3rmula mejorada con surfactantes de origen vegetal, dermatol\u00f3gicamente probada para no irritar. Ideal para la limpieza de cocinas, hornos, encimeras, suelos, materiales de acero y textiles.","og_url":"https:\/\/shop.clearygroup.it\/es\/producto\/io-sgrasso-sgrassatore\/","og_site_name":"Cleary Group | Cleaning Solution","article_publisher":"https:\/\/www.facebook.com\/Cleary.Group\/","article_modified_time":"2023-04-03T12:58:08+00:00","og_image":[{"width":790,"height":1100,"url":"https:\/\/shop.clearygroup.it\/wp-content\/uploads\/2023\/02\/io-sgrasso-lime-basilico-1.png","type":"image\/png"}],"twitter_card":"summary_large_image","schema":{"@context":"https:\/\/schema.org","@graph":[{"@type":"WebPage","@id":"https:\/\/shop.clearygroup.it\/es\/producto\/io-sgrasso-sgrassatore\/","url":"https:\/\/shop.clearygroup.it\/es\/producto\/io-sgrasso-sgrassatore\/","name":"Io Sgrasso sgrassatore | Cleary Group | Cleaning Solution","isPartOf":{"@id":"https:\/\/shop.clearygroup.it\/#website"},"datePublished":"2023-02-02T15:07:19+00:00","dateModified":"2023-04-03T12:58:08+00:00","breadcrumb":{"@id":"https:\/\/shop.clearygroup.it\/es\/producto\/io-sgrasso-sgrassatore\/#breadcrumb"},"inLanguage":"es","potentialAction":[{"@type":"ReadAction","target":["https:\/\/shop.clearygroup.it\/es\/producto\/io-sgrasso-sgrassatore\/"]}]},{"@type":"BreadcrumbList","@id":"https:\/\/shop.clearygroup.it\/es\/producto\/io-sgrasso-sgrassatore\/#breadcrumb","itemListElement":[{"@type":"ListItem","position":1,"name":"Home","item":"https:\/\/shop.clearygroup.it\/es\/home\/"},{"@type":"ListItem","position":2,"name":"Shop","item":"https:\/\/shop.clearygroup.it\/es\/negozio\/"},{"@type":"ListItem","position":3,"name":"Io Sgrasso sgrassatore"}]},{"@type":"WebSite","@id":"https:\/\/shop.clearygroup.it\/#website","url":"https:\/\/shop.clearygroup.it\/","name":"Cleary Group | Cleaning Solution","description":"Soluzioni per un pulito universale","publisher":{"@id":"https:\/\/shop.clearygroup.it\/#organization"},"potentialAction":[{"@type":"SearchAction","target":{"@type":"EntryPoint","urlTemplate":"https:\/\/shop.clearygroup.it\/?s={search_term_string}"},"query-input":"required name=search_term_string"}],"inLanguage":"es"},{"@type":"Organization","@id":"https:\/\/shop.clearygroup.it\/#organization","name":"Cleary Group","alternateName":"Cleary Group","url":"https:\/\/shop.clearygroup.it\/","logo":{"@type":"ImageObject","inLanguage":"es","@id":"https:\/\/shop.clearygroup.it\/#\/schema\/logo\/image\/","url":"https:\/\/shop.clearygroup.it\/wp-content\/uploads\/2023\/01\/logo_clearygroup.svg","contentUrl":"https:\/\/shop.clearygroup.it\/wp-content\/uploads\/2023\/01\/logo_clearygroup.svg","width":233,"height":93,"caption":"Cleary Group"},"image":{"@id":"https:\/\/shop.clearygroup.it\/#\/schema\/logo\/image\/"},"sameAs":["https:\/\/www.facebook.com\/Cleary.Group\/","https:\/\/shop.clearygroup.it\/cleary-group\/#","https:\/\/it.linkedin.com\/company\/cleary-group---s.r.l."]}]}},"brands":[{"id":95,"name":"Io, il pulito originale","slug":"io-il-pulito-originale-es"}],"_links":{"self":[{"href":"https:\/\/shop.clearygroup.it\/es\/wp-json\/wp\/v2\/product\/1406","targetHints":{"allow":["GET"]}}],"collection":[{"href":"https:\/\/shop.clearygroup.it\/es\/wp-json\/wp\/v2\/product"}],"about":[{"href":"https:\/\/shop.clearygroup.it\/es\/wp-json\/wp\/v2\/types\/product"}],"wp:featuredmedia":[{"embeddable":true,"href":"https:\/\/shop.clearygroup.it\/es\/wp-json\/wp\/v2\/media\/955"}],"wp:attachment":[{"href":"https:\/\/shop.clearygroup.it\/es\/wp-json\/wp\/v2\/media?parent=1406"}],"wp:term":[{"taxonomy":"pwb-brand","embeddable":true,"href":"https:\/\/shop.clearygroup.it\/es\/wp-json\/wp\/v2\/pwb-brand?post=1406"},{"taxonomy":"product_cat","embeddable":true,"href":"https:\/\/shop.clearygroup.it\/es\/wp-json\/wp\/v2\/product_cat?post=1406"},{"taxonomy":"product_tag","embeddable":true,"href":"https:\/\/shop.clearygroup.it\/es\/wp-json\/wp\/v2\/product_tag?post=1406"}],"curies":[{"name":"wp","href":"https:\/\/api.w.org\/{rel}","templated":true}]}}